{"id":24659,"date":"2025-03-19T09:14:51","date_gmt":"2025-03-19T06:14:51","guid":{"rendered":"https:\/\/mawelodges.com\/?page_id=24659"},"modified":"2026-04-15T15:39:39","modified_gmt":"2026-04-15T12:39:39","slug":"co%e2%82%82-emissionen","status":"publish","type":"page","link":"https:\/\/mawelodges.com\/de\/co%e2%82%82-emissionen\/","title":{"rendered":"CO\u2082-Emissionen"},"content":{"rendered":"\t\t<div data-elementor-type=\"wp-page\" data-elementor-id=\"24659\" class=\"elementor elementor-24659 elementor-21586\" data-elementor-post-type=\"page\">\n\t\t\t\t<div class=\"elementor-element elementor-element-48a425d6 e-flex e-con-boxed e-con e-parent\" data-id=\"48a425d6\" data-element_type=\"container\" data-e-type=\"container\">\n\t\t\t\t\t<div class=\"e-con-inner\">\n\t\t\t\t<div class=\"elementor-element elementor-element-380b87d7 elementor-widget elementor-widget-text-editor\" data-id=\"380b87d7\" data-element_type=\"widget\" data-e-type=\"widget\" data-widget_type=\"text-editor.default\">\n\t\t\t\t<div class=\"elementor-widget-container\">\n\t\t\t\t\t\t\t\t\t<div>\n    <h3>THG-Emissionsrechner<\/h3>\n    <label>Transportentfernung (km):<\/label>\n    <input type=\"number\" id=\"transport_km\" value=\"1000\">\n    \n    <label>Transportart:<\/label>\n    <select id=\"transport_type\">\n        <option value=\"safari_4x4\">Safari-Allradwagen<\/option>\n        <option value=\"car_petrol\">Auto (Benzin)<\/option>\n        <option value=\"bus_shared\">Sammelbus<\/option>\n    <\/select>\n    \n    <label>Anzahl der Passagiere:<\/label>\n    <input type=\"number\" id=\"passengers\" value=\"2\">\n    \n    <label>Unterkunftsart:<\/label>\n    <select id=\"accommodation_type\">\n        <option value=\"eco_lodge\">Eco-Lodge<\/option>\n        <option value=\"mid_range_hotel\">Mittelklassehotel<\/option>\n        <option value=\"luxury_hotel\">Luxushotel<\/option>\n    <\/select>\n    \n    <label>Anzahl der \u00dcbernachtungen:<\/label>\n    <input type=\"number\" id=\"nights\" value=\"3\">\n    \n    <label>Pirschfahrten:<\/label>\n    <input type=\"number\" id=\"game_drives\" value=\"2\">\n    \n    <label>Stunden pro Pirschfahrt:<\/label>\n    <input type=\"number\" id=\"drive_hours\" value=\"3\">\n    \n    <label>Ballonsafaris:<\/label>\n    <input type=\"number\" id=\"balloon_safaris\" value=\"1\">\n    \n    <label>Andere Safari-Aktivit\u00e4ten (pro Aktivit\u00e4t):<\/label>\n    <input type=\"number\" id=\"other_activities\" value=\"1\">\n    \n    <button onclick=\"calculateEmissions()\">Emissionen berechnen<\/button>\n    \n    <h4>Gesch\u00e4tzte CO\u2082-Emissionen: <span id=\"total_emissions\">0<\/span> kg CO\u2082e<\/h4>\n<\/div>\n\n<script>\nfunction calculateEmissions() {\n    let transportKm = parseFloat(document.getElementById('transport_km').value);\n    let transportType = document.getElementById('transport_type').value;\n    let passengers = parseInt(document.getElementById('passengers').value) || 1;\n    let nights = parseInt(document.getElementById('nights').value);\n    let accommodationType = document.getElementById('accommodation_type').value;\n    let gameDrives = parseInt(document.getElementById('game_drives').value);\n    let driveHours = parseInt(document.getElementById('drive_hours').value);\n    let balloonSafaris = parseInt(document.getElementById('balloon_safaris').value);\n    let otherActivities = parseInt(document.getElementById('other_activities').value);\n    \n    let transportFactors = {\n        'safari_4x4': 0.250,\n        'car_petrol': 0.192,\n        'bus_shared': 0.089\n    };\n    let accommodationFactors = {\n        'eco_lodge': 5,\n        'mid_range_hotel': 15,\n        'luxury_hotel': 30\n    };\n    let activityFactor = 5; \/\/ Game drive emission per hour\n    let balloonFactor = 25; \/\/ Balloon safari emission per trip\n    let otherActivityFactor = 10; \/\/ Other safari activity emission per activity\n    \n    let transportEmissions = (transportKm * (transportFactors[transportType] || 0)) \/ passengers;\n    let accommodationEmissions = nights * (accommodationFactors[accommodationType] || 0);\n    let activityEmissions = gameDrives * driveHours * activityFactor;\n    let balloonEmissions = balloonSafaris * balloonFactor;\n    let otherActivityEmissions = otherActivities * otherActivityFactor;\n    \n    let totalEmissions = transportEmissions + accommodationEmissions + activityEmissions + balloonEmissions + otherActivityEmissions;\n    document.getElementById('total_emissions').innerText = totalEmissions.toFixed(2);\n}\n<\/script>\n\t\t\t\t\t\t\t\t<\/div>\n\t\t\t\t<\/div>\n\t\t\t\t\t<\/div>\n\t\t\t\t<\/div>\n\t\t\t\t<\/div>\n\t\t","protected":false},"excerpt":{"rendered":"<p>THG-Emissionsrechner Transportentfernung (km): Transportart: Safari-AllradwagenAuto (Benzin)Sammelbus Anzahl der Passagiere: Unterkunftsart: Eco-LodgeMittelklassehotelLuxushotel Anzahl der \u00dcbernachtungen: Pirschfahrten: Stunden pro Pirschfahrt: Ballonsafaris: Andere Safari-Aktivit\u00e4ten (pro Aktivit\u00e4t): Emissionen berechnen Gesch\u00e4tzte CO\u2082-Emissionen: 0 kg CO\u2082e<\/p>\n","protected":false},"author":1,"featured_media":0,"parent":0,"menu_order":0,"comment_status":"closed","ping_status":"closed","template":"","meta":{"_uag_custom_page_level_css":"","_kad_post_transparent":"","_kad_post_title":"","_kad_post_layout":"","_kad_post_sidebar_id":"","_kad_post_content_style":"","_kad_post_vertical_padding":"","_kad_post_feature":"","_kad_post_feature_position":"","_kad_post_header":false,"_kad_post_footer":false,"_kad_post_classname":"","footnotes":""},"class_list":["post-24659","page","type-page","status-publish","hentry"],"yoast_head":"<!-- This site is optimized with the Yoast SEO Premium plugin v27.1 (Yoast SEO v27.4) - https:\/\/yoast.com\/product\/yoast-seo-premium-wordpress\/ -->\n<title>CO\u2082-Emissionen - Mawe Lodges<\/title>\n<meta name=\"description\" content=\"Ein Rechner zur Messung des CO\u2082-Fu\u00dfabdrucks f\u00fcr Aktivit\u00e4ten auf Tansania-Safaris, Transport, Hei\u00dfluftballonfahrten und kulturelle Touren\" \/>\n<meta name=\"robots\" content=\"index, follow, max-snippet:-1, max-image-preview:large, max-video-preview:-1\" \/>\n<link rel=\"canonical\" href=\"https:\/\/mawelodges.com\/de\/co%e2%82%82-emissionen\/\" \/>\n<meta property=\"og:locale\" content=\"de_DE\" \/>\n<meta property=\"og:type\" content=\"article\" \/>\n<meta property=\"og:title\" content=\"CO\u2082-Emissionen\" \/>\n<meta property=\"og:description\" content=\"Ein Rechner zur Messung des CO\u2082-Fu\u00dfabdrucks f\u00fcr Aktivit\u00e4ten auf Tansania-Safaris, Transport, Hei\u00dfluftballonfahrten und kulturelle Touren\" \/>\n<meta property=\"og:url\" content=\"https:\/\/mawelodges.com\/de\/co%e2%82%82-emissionen\/\" \/>\n<meta property=\"og:site_name\" content=\"Mawe Lodges\" \/>\n<meta property=\"article:publisher\" content=\"https:\/\/www.facebook.com\/people\/Mawe-Lodges\/100066949615500\/\" \/>\n<meta property=\"article:modified_time\" content=\"2026-04-15T12:39:39+00:00\" \/>\n<meta name=\"twitter:card\" content=\"summary_large_image\" \/>\n<script type=\"application\/ld+json\" class=\"yoast-schema-graph\">{\"@context\":\"https:\\\/\\\/schema.org\",\"@graph\":[{\"@type\":\"WebPage\",\"@id\":\"https:\\\/\\\/mawelodges.com\\\/de\\\/co%e2%82%82-emissionen\\\/\",\"url\":\"https:\\\/\\\/mawelodges.com\\\/de\\\/co%e2%82%82-emissionen\\\/\",\"name\":\"CO\u2082-Emissionen - Mawe Lodges\",\"isPartOf\":{\"@id\":\"https:\\\/\\\/mawelodges.com\\\/de\\\/#website\"},\"datePublished\":\"2025-03-19T06:14:51+00:00\",\"dateModified\":\"2026-04-15T12:39:39+00:00\",\"description\":\"Ein Rechner zur Messung des CO\u2082-Fu\u00dfabdrucks f\u00fcr Aktivit\u00e4ten auf Tansania-Safaris, Transport, Hei\u00dfluftballonfahrten und kulturelle Touren\",\"breadcrumb\":{\"@id\":\"https:\\\/\\\/mawelodges.com\\\/de\\\/co%e2%82%82-emissionen\\\/#breadcrumb\"},\"inLanguage\":\"de\",\"potentialAction\":[{\"@type\":\"ReadAction\",\"target\":[\"https:\\\/\\\/mawelodges.com\\\/de\\\/co%e2%82%82-emissionen\\\/\"]}]},{\"@type\":\"BreadcrumbList\",\"@id\":\"https:\\\/\\\/mawelodges.com\\\/de\\\/co%e2%82%82-emissionen\\\/#breadcrumb\",\"itemListElement\":[{\"@type\":\"ListItem\",\"position\":1,\"name\":\"Home\",\"item\":\"https:\\\/\\\/mawelodges.com\\\/de\\\/\"},{\"@type\":\"ListItem\",\"position\":2,\"name\":\"CO\u2082-Emissionen\"}]},{\"@type\":\"WebSite\",\"@id\":\"https:\\\/\\\/mawelodges.com\\\/de\\\/#website\",\"url\":\"https:\\\/\\\/mawelodges.com\\\/de\\\/\",\"name\":\"Mawe Lodges\",\"description\":\"Mawe Lodges official website\",\"publisher\":{\"@id\":\"https:\\\/\\\/mawelodges.com\\\/de\\\/#organization\"},\"potentialAction\":[{\"@type\":\"SearchAction\",\"target\":{\"@type\":\"EntryPoint\",\"urlTemplate\":\"https:\\\/\\\/mawelodges.com\\\/de\\\/?s={search_term_string}\"},\"query-input\":{\"@type\":\"PropertyValueSpecification\",\"valueRequired\":true,\"valueName\":\"search_term_string\"}}],\"inLanguage\":\"de\"},{\"@type\":\"Organization\",\"@id\":\"https:\\\/\\\/mawelodges.com\\\/de\\\/#organization\",\"name\":\"Mawe Lodges\",\"url\":\"https:\\\/\\\/mawelodges.com\\\/de\\\/\",\"logo\":{\"@type\":\"ImageObject\",\"inLanguage\":\"de\",\"@id\":\"https:\\\/\\\/mawelodges.com\\\/de\\\/#\\\/schema\\\/logo\\\/image\\\/\",\"url\":\"https:\\\/\\\/mawelodges.com\\\/wp-content\\\/uploads\\\/2023\\\/07\\\/cropped-cropped-Mawe-logo-3-300x117-1.png\",\"contentUrl\":\"https:\\\/\\\/mawelodges.com\\\/wp-content\\\/uploads\\\/2023\\\/07\\\/cropped-cropped-Mawe-logo-3-300x117-1.png\",\"width\":300,\"height\":117,\"caption\":\"Mawe Lodges\"},\"image\":{\"@id\":\"https:\\\/\\\/mawelodges.com\\\/de\\\/#\\\/schema\\\/logo\\\/image\\\/\"},\"sameAs\":[\"https:\\\/\\\/www.facebook.com\\\/people\\\/Mawe-Lodges\\\/100066949615500\\\/\",\"https:\\\/\\\/www.instagram.com\\\/mawelodges\\\/\"]}]}<\/script>\n<!-- \/ Yoast SEO Premium plugin. -->","yoast_head_json":{"title":"CO\u2082-Emissionen - Mawe Lodges","description":"Ein Rechner zur Messung des CO\u2082-Fu\u00dfabdrucks f\u00fcr Aktivit\u00e4ten auf Tansania-Safaris, Transport, Hei\u00dfluftballonfahrten und kulturelle Touren","robots":{"index":"index","follow":"follow","max-snippet":"max-snippet:-1","max-image-preview":"max-image-preview:large","max-video-preview":"max-video-preview:-1"},"canonical":"https:\/\/mawelodges.com\/de\/co%e2%82%82-emissionen\/","og_locale":"de_DE","og_type":"article","og_title":"CO\u2082-Emissionen","og_description":"Ein Rechner zur Messung des CO\u2082-Fu\u00dfabdrucks f\u00fcr Aktivit\u00e4ten auf Tansania-Safaris, Transport, Hei\u00dfluftballonfahrten und kulturelle Touren","og_url":"https:\/\/mawelodges.com\/de\/co%e2%82%82-emissionen\/","og_site_name":"Mawe Lodges","article_publisher":"https:\/\/www.facebook.com\/people\/Mawe-Lodges\/100066949615500\/","article_modified_time":"2026-04-15T12:39:39+00:00","twitter_card":"summary_large_image","schema":{"@context":"https:\/\/schema.org","@graph":[{"@type":"WebPage","@id":"https:\/\/mawelodges.com\/de\/co%e2%82%82-emissionen\/","url":"https:\/\/mawelodges.com\/de\/co%e2%82%82-emissionen\/","name":"CO\u2082-Emissionen - Mawe Lodges","isPartOf":{"@id":"https:\/\/mawelodges.com\/de\/#website"},"datePublished":"2025-03-19T06:14:51+00:00","dateModified":"2026-04-15T12:39:39+00:00","description":"Ein Rechner zur Messung des CO\u2082-Fu\u00dfabdrucks f\u00fcr Aktivit\u00e4ten auf Tansania-Safaris, Transport, Hei\u00dfluftballonfahrten und kulturelle Touren","breadcrumb":{"@id":"https:\/\/mawelodges.com\/de\/co%e2%82%82-emissionen\/#breadcrumb"},"inLanguage":"de","potentialAction":[{"@type":"ReadAction","target":["https:\/\/mawelodges.com\/de\/co%e2%82%82-emissionen\/"]}]},{"@type":"BreadcrumbList","@id":"https:\/\/mawelodges.com\/de\/co%e2%82%82-emissionen\/#breadcrumb","itemListElement":[{"@type":"ListItem","position":1,"name":"Home","item":"https:\/\/mawelodges.com\/de\/"},{"@type":"ListItem","position":2,"name":"CO\u2082-Emissionen"}]},{"@type":"WebSite","@id":"https:\/\/mawelodges.com\/de\/#website","url":"https:\/\/mawelodges.com\/de\/","name":"Mawe Lodges","description":"Mawe Lodges official website","publisher":{"@id":"https:\/\/mawelodges.com\/de\/#organization"},"potentialAction":[{"@type":"SearchAction","target":{"@type":"EntryPoint","urlTemplate":"https:\/\/mawelodges.com\/de\/?s={search_term_string}"},"query-input":{"@type":"PropertyValueSpecification","valueRequired":true,"valueName":"search_term_string"}}],"inLanguage":"de"},{"@type":"Organization","@id":"https:\/\/mawelodges.com\/de\/#organization","name":"Mawe Lodges","url":"https:\/\/mawelodges.com\/de\/","logo":{"@type":"ImageObject","inLanguage":"de","@id":"https:\/\/mawelodges.com\/de\/#\/schema\/logo\/image\/","url":"https:\/\/mawelodges.com\/wp-content\/uploads\/2023\/07\/cropped-cropped-Mawe-logo-3-300x117-1.png","contentUrl":"https:\/\/mawelodges.com\/wp-content\/uploads\/2023\/07\/cropped-cropped-Mawe-logo-3-300x117-1.png","width":300,"height":117,"caption":"Mawe Lodges"},"image":{"@id":"https:\/\/mawelodges.com\/de\/#\/schema\/logo\/image\/"},"sameAs":["https:\/\/www.facebook.com\/people\/Mawe-Lodges\/100066949615500\/","https:\/\/www.instagram.com\/mawelodges\/"]}]}},"uagb_featured_image_src":{"full":false,"thumbnail":false,"medium":false,"medium_large":false,"large":false,"1536x1536":false,"2048x2048":false},"uagb_author_info":{"display_name":"admin","author_link":"https:\/\/mawelodges.com\/de\/author\/admin\/"},"uagb_comment_info":0,"uagb_excerpt":"THG-Emissionsrechner Transportentfernung (km): Transportart: Safari-AllradwagenAuto (Benzin)Sammelbus Anzahl der Passagiere: Unterkunftsart: Eco-LodgeMittelklassehotelLuxushotel Anzahl der \u00dcbernachtungen: Pirschfahrten: Stunden pro Pirschfahrt: Ballonsafaris: Andere Safari-Aktivit\u00e4ten (pro Aktivit\u00e4t): Emissionen berechnen Gesch\u00e4tzte CO\u2082-Emissionen: 0 kg CO\u2082e","_links":{"self":[{"href":"https:\/\/mawelodges.com\/de\/wp-json\/wp\/v2\/pages\/24659","targetHints":{"allow":["GET"]}}],"collection":[{"href":"https:\/\/mawelodges.com\/de\/wp-json\/wp\/v2\/pages"}],"about":[{"href":"https:\/\/mawelodges.com\/de\/wp-json\/wp\/v2\/types\/page"}],"author":[{"embeddable":true,"href":"https:\/\/mawelodges.com\/de\/wp-json\/wp\/v2\/users\/1"}],"replies":[{"embeddable":true,"href":"https:\/\/mawelodges.com\/de\/wp-json\/wp\/v2\/comments?post=24659"}],"version-history":[{"count":1,"href":"https:\/\/mawelodges.com\/de\/wp-json\/wp\/v2\/pages\/24659\/revisions"}],"predecessor-version":[{"id":24660,"href":"https:\/\/mawelodges.com\/de\/wp-json\/wp\/v2\/pages\/24659\/revisions\/24660"}],"wp:attachment":[{"href":"https:\/\/mawelodges.com\/de\/wp-json\/wp\/v2\/media?parent=24659"}],"curies":[{"name":"wp","href":"https:\/\/api.w.org\/{rel}","templated":true}]}}