{"id":25707,"date":"2023-10-02T07:36:15","date_gmt":"2023-10-02T04:36:15","guid":{"rendered":"https:\/\/mawelodges.com\/?page_id=25707"},"modified":"2026-04-15T15:24:24","modified_gmt":"2026-04-15T12:24:24","slug":"nachhaltigkeitspolitik","status":"publish","type":"page","link":"https:\/\/mawelodges.com\/de\/nachhaltigkeitspolitik\/","title":{"rendered":"Nachhaltigkeitspolitik bei Mawe Lodges"},"content":{"rendered":"\n<p>Mawe Lodges verpflichtet sich zu nachhaltiger Gastfreundschaft \u2013 unsere Politik konzentriert sich auf umweltbewusste Praktiken, von der Reduzierung des Energieverbrauchs und der Minimierung von Abfall bis hin zur Unterst\u00fctzung lokaler Gemeinschaften. Wir priorisieren den Umweltschutz und bem\u00fchen uns, die einzigartigen \u00d6kosysteme rund um unsere Lodges zu sch\u00fctzen. Unsere G\u00e4ste genie\u00dfen verantwortungsvolle Tourismuserlebnisse, die lokale Kulturen und \u00d6kosysteme respektieren. Wir schulen unser Team und unsere G\u00e4ste st\u00e4ndig zum Thema Nachhaltigkeit. F\u00fcr weitere Details klicken Sie bitte auf den untenstehenden Link, um unsere umfassende Nachhaltigkeitspolitik einzusehen:    <\/p>\n\n<p><a href=\"http:\/\/mawelodges.com\/wp-content\/uploads\/Sustainability-Environmental-Policy-MaweLodges2025-copy.pdf\">Nachhaltigkeits- und Umweltpolitik von Mawe Lodges herunterladen (PDF)<\/a><\/p>\n\n<p><a href=\"http:\/\/mawelodges.com\/wp-content\/uploads\/2023\/10\/Mawe-Lodges-Ltd.-Sustainability-policy-.pdf\">Nachhaltigkeitspolitik von Mawe Lodges herunterladen (PDF)<\/a><\/p>\n\n<p><a href=\"https:\/\/mawelodges.com\/wp-content\/uploads\/Our-Sustainability-Goals-for-2025-.pdf\">Nachhaltigkeitsziele (PDF)<\/a><\/p>\n\n<p><a href=\"https:\/\/www.dropbox.com\/scl\/fo\/g9qtis1maf2kllv7ojbcm\/AAdHXF50uCyLdODbzCwCj78?rlkey=q8r0gsyvv0dwcozcwv3wt8f52&amp;st=qdm847cb&amp;dl=0\">Verhaltenskodex f\u00fcr Aktivit\u00e4ten (PDF)<\/a><\/p>\n\n<p>Begleiten Sie uns auf unserem Weg, unseren Planeten zu bewahren und unvergessliche, nachhaltige Erlebnisse f\u00fcr alle zu schaffen.<\/p>\n\n<p><\/p>\n","protected":false},"excerpt":{"rendered":"<p>Mawe Lodges verpflichtet sich zu nachhaltiger Gastfreundschaft \u2013 unsere Politik konzentriert sich auf umweltbewusste Praktiken, von der Reduzierung des Energieverbrauchs und der Minimierung von Abfall bis hin zur Unterst\u00fctzung lokaler Gemeinschaften. Wir priorisieren den Umweltschutz und bem\u00fchen uns, die einzigartigen \u00d6kosysteme rund um unsere Lodges zu sch\u00fctzen. Unsere G\u00e4ste genie\u00dfen verantwortungsvolle Tourismuserlebnisse, die lokale Kulturen&#8230;<\/p>\n","protected":false},"author":1,"featured_media":0,"parent":0,"menu_order":0,"comment_status":"closed","ping_status":"closed","template":"","meta":{"_uag_custom_page_level_css":"","_kad_post_transparent":"","_kad_post_title":"","_kad_post_layout":"","_kad_post_sidebar_id":"","_kad_post_content_style":"","_kad_post_vertical_padding":"","_kad_post_feature":"","_kad_post_feature_position":"","_kad_post_header":false,"_kad_post_footer":false,"_kad_post_classname":"","footnotes":""},"class_list":["post-25707","page","type-page","status-publish","hentry"],"yoast_head":"<!-- This site is optimized with the Yoast SEO Premium plugin v27.1 (Yoast SEO v27.4) - https:\/\/yoast.com\/product\/yoast-seo-premium-wordpress\/ -->\n<title>Nachhaltigkeitspolitik bei Mawe Lodges - Mawe Lodges<\/title>\n<meta name=\"description\" content=\"Nachhaltigkeitsma\u00dfnahmen, -richtlinien und -ziele 2025-26\" \/>\n<meta name=\"robots\" content=\"index, follow, max-snippet:-1, max-image-preview:large, max-video-preview:-1\" \/>\n<link rel=\"canonical\" href=\"https:\/\/mawelodges.com\/de\/nachhaltigkeitspolitik\/\" \/>\n<meta property=\"og:locale\" content=\"de_DE\" \/>\n<meta property=\"og:type\" content=\"article\" \/>\n<meta property=\"og:title\" content=\"Nachhaltigkeitspolitik bei Mawe Lodges\" \/>\n<meta property=\"og:description\" content=\"Nachhaltigkeitsma\u00dfnahmen, -richtlinien und -ziele 2025-26\" \/>\n<meta property=\"og:url\" content=\"https:\/\/mawelodges.com\/de\/nachhaltigkeitspolitik\/\" \/>\n<meta property=\"og:site_name\" content=\"Mawe Lodges\" \/>\n<meta property=\"article:publisher\" content=\"https:\/\/www.facebook.com\/people\/Mawe-Lodges\/100066949615500\/\" \/>\n<meta property=\"article:modified_time\" content=\"2026-04-15T12:24:24+00:00\" \/>\n<meta name=\"twitter:card\" content=\"summary_large_image\" \/>\n<meta name=\"twitter:label1\" content=\"Gesch\u00e4tzte Lesezeit\" \/>\n\t<meta name=\"twitter:data1\" content=\"1\u00a0Minute\" \/>\n<script type=\"application\/ld+json\" class=\"yoast-schema-graph\">{\"@context\":\"https:\\\/\\\/schema.org\",\"@graph\":[{\"@type\":\"WebPage\",\"@id\":\"https:\\\/\\\/mawelodges.com\\\/de\\\/nachhaltigkeitspolitik\\\/\",\"url\":\"https:\\\/\\\/mawelodges.com\\\/de\\\/nachhaltigkeitspolitik\\\/\",\"name\":\"Nachhaltigkeitspolitik bei Mawe Lodges - Mawe Lodges\",\"isPartOf\":{\"@id\":\"https:\\\/\\\/mawelodges.com\\\/de\\\/#website\"},\"datePublished\":\"2023-10-02T04:36:15+00:00\",\"dateModified\":\"2026-04-15T12:24:24+00:00\",\"description\":\"Nachhaltigkeitsma\u00dfnahmen, -richtlinien und -ziele 2025-26\",\"breadcrumb\":{\"@id\":\"https:\\\/\\\/mawelodges.com\\\/de\\\/nachhaltigkeitspolitik\\\/#breadcrumb\"},\"inLanguage\":\"de\",\"potentialAction\":[{\"@type\":\"ReadAction\",\"target\":[\"https:\\\/\\\/mawelodges.com\\\/de\\\/nachhaltigkeitspolitik\\\/\"]}]},{\"@type\":\"BreadcrumbList\",\"@id\":\"https:\\\/\\\/mawelodges.com\\\/de\\\/nachhaltigkeitspolitik\\\/#breadcrumb\",\"itemListElement\":[{\"@type\":\"ListItem\",\"position\":1,\"name\":\"Home\",\"item\":\"https:\\\/\\\/mawelodges.com\\\/de\\\/\"},{\"@type\":\"ListItem\",\"position\":2,\"name\":\"Nachhaltigkeitspolitik bei Mawe Lodges\"}]},{\"@type\":\"WebSite\",\"@id\":\"https:\\\/\\\/mawelodges.com\\\/de\\\/#website\",\"url\":\"https:\\\/\\\/mawelodges.com\\\/de\\\/\",\"name\":\"Mawe Lodges\",\"description\":\"Mawe Lodges official website\",\"publisher\":{\"@id\":\"https:\\\/\\\/mawelodges.com\\\/de\\\/#organization\"},\"potentialAction\":[{\"@type\":\"SearchAction\",\"target\":{\"@type\":\"EntryPoint\",\"urlTemplate\":\"https:\\\/\\\/mawelodges.com\\\/de\\\/?s={search_term_string}\"},\"query-input\":{\"@type\":\"PropertyValueSpecification\",\"valueRequired\":true,\"valueName\":\"search_term_string\"}}],\"inLanguage\":\"de\"},{\"@type\":\"Organization\",\"@id\":\"https:\\\/\\\/mawelodges.com\\\/de\\\/#organization\",\"name\":\"Mawe Lodges\",\"url\":\"https:\\\/\\\/mawelodges.com\\\/de\\\/\",\"logo\":{\"@type\":\"ImageObject\",\"inLanguage\":\"de\",\"@id\":\"https:\\\/\\\/mawelodges.com\\\/de\\\/#\\\/schema\\\/logo\\\/image\\\/\",\"url\":\"https:\\\/\\\/mawelodges.com\\\/wp-content\\\/uploads\\\/2023\\\/07\\\/cropped-cropped-Mawe-logo-3-300x117-1.png\",\"contentUrl\":\"https:\\\/\\\/mawelodges.com\\\/wp-content\\\/uploads\\\/2023\\\/07\\\/cropped-cropped-Mawe-logo-3-300x117-1.png\",\"width\":300,\"height\":117,\"caption\":\"Mawe Lodges\"},\"image\":{\"@id\":\"https:\\\/\\\/mawelodges.com\\\/de\\\/#\\\/schema\\\/logo\\\/image\\\/\"},\"sameAs\":[\"https:\\\/\\\/www.facebook.com\\\/people\\\/Mawe-Lodges\\\/100066949615500\\\/\",\"https:\\\/\\\/www.instagram.com\\\/mawelodges\\\/\"]}]}<\/script>\n<!-- \/ Yoast SEO Premium plugin. -->","yoast_head_json":{"title":"Nachhaltigkeitspolitik bei Mawe Lodges - Mawe Lodges","description":"Nachhaltigkeitsma\u00dfnahmen, -richtlinien und -ziele 2025-26","robots":{"index":"index","follow":"follow","max-snippet":"max-snippet:-1","max-image-preview":"max-image-preview:large","max-video-preview":"max-video-preview:-1"},"canonical":"https:\/\/mawelodges.com\/de\/nachhaltigkeitspolitik\/","og_locale":"de_DE","og_type":"article","og_title":"Nachhaltigkeitspolitik bei Mawe Lodges","og_description":"Nachhaltigkeitsma\u00dfnahmen, -richtlinien und -ziele 2025-26","og_url":"https:\/\/mawelodges.com\/de\/nachhaltigkeitspolitik\/","og_site_name":"Mawe Lodges","article_publisher":"https:\/\/www.facebook.com\/people\/Mawe-Lodges\/100066949615500\/","article_modified_time":"2026-04-15T12:24:24+00:00","twitter_card":"summary_large_image","twitter_misc":{"Gesch\u00e4tzte Lesezeit":"1\u00a0Minute"},"schema":{"@context":"https:\/\/schema.org","@graph":[{"@type":"WebPage","@id":"https:\/\/mawelodges.com\/de\/nachhaltigkeitspolitik\/","url":"https:\/\/mawelodges.com\/de\/nachhaltigkeitspolitik\/","name":"Nachhaltigkeitspolitik bei Mawe Lodges - Mawe Lodges","isPartOf":{"@id":"https:\/\/mawelodges.com\/de\/#website"},"datePublished":"2023-10-02T04:36:15+00:00","dateModified":"2026-04-15T12:24:24+00:00","description":"Nachhaltigkeitsma\u00dfnahmen, -richtlinien und -ziele 2025-26","breadcrumb":{"@id":"https:\/\/mawelodges.com\/de\/nachhaltigkeitspolitik\/#breadcrumb"},"inLanguage":"de","potentialAction":[{"@type":"ReadAction","target":["https:\/\/mawelodges.com\/de\/nachhaltigkeitspolitik\/"]}]},{"@type":"BreadcrumbList","@id":"https:\/\/mawelodges.com\/de\/nachhaltigkeitspolitik\/#breadcrumb","itemListElement":[{"@type":"ListItem","position":1,"name":"Home","item":"https:\/\/mawelodges.com\/de\/"},{"@type":"ListItem","position":2,"name":"Nachhaltigkeitspolitik bei Mawe Lodges"}]},{"@type":"WebSite","@id":"https:\/\/mawelodges.com\/de\/#website","url":"https:\/\/mawelodges.com\/de\/","name":"Mawe Lodges","description":"Mawe Lodges official website","publisher":{"@id":"https:\/\/mawelodges.com\/de\/#organization"},"potentialAction":[{"@type":"SearchAction","target":{"@type":"EntryPoint","urlTemplate":"https:\/\/mawelodges.com\/de\/?s={search_term_string}"},"query-input":{"@type":"PropertyValueSpecification","valueRequired":true,"valueName":"search_term_string"}}],"inLanguage":"de"},{"@type":"Organization","@id":"https:\/\/mawelodges.com\/de\/#organization","name":"Mawe Lodges","url":"https:\/\/mawelodges.com\/de\/","logo":{"@type":"ImageObject","inLanguage":"de","@id":"https:\/\/mawelodges.com\/de\/#\/schema\/logo\/image\/","url":"https:\/\/mawelodges.com\/wp-content\/uploads\/2023\/07\/cropped-cropped-Mawe-logo-3-300x117-1.png","contentUrl":"https:\/\/mawelodges.com\/wp-content\/uploads\/2023\/07\/cropped-cropped-Mawe-logo-3-300x117-1.png","width":300,"height":117,"caption":"Mawe Lodges"},"image":{"@id":"https:\/\/mawelodges.com\/de\/#\/schema\/logo\/image\/"},"sameAs":["https:\/\/www.facebook.com\/people\/Mawe-Lodges\/100066949615500\/","https:\/\/www.instagram.com\/mawelodges\/"]}]}},"uagb_featured_image_src":{"full":false,"thumbnail":false,"medium":false,"medium_large":false,"large":false,"1536x1536":false,"2048x2048":false},"uagb_author_info":{"display_name":"admin","author_link":"https:\/\/mawelodges.com\/de\/author\/admin\/"},"uagb_comment_info":0,"uagb_excerpt":"Mawe Lodges verpflichtet sich zu nachhaltiger Gastfreundschaft \u2013 unsere Politik konzentriert sich auf umweltbewusste Praktiken, von der Reduzierung des Energieverbrauchs und der Minimierung von Abfall bis hin zur Unterst\u00fctzung lokaler Gemeinschaften. Wir priorisieren den Umweltschutz und bem\u00fchen uns, die einzigartigen \u00d6kosysteme rund um unsere Lodges zu sch\u00fctzen. Unsere G\u00e4ste genie\u00dfen verantwortungsvolle Tourismuserlebnisse, die lokale Kulturen...","_links":{"self":[{"href":"https:\/\/mawelodges.com\/de\/wp-json\/wp\/v2\/pages\/25707","targetHints":{"allow":["GET"]}}],"collection":[{"href":"https:\/\/mawelodges.com\/de\/wp-json\/wp\/v2\/pages"}],"about":[{"href":"https:\/\/mawelodges.com\/de\/wp-json\/wp\/v2\/types\/page"}],"author":[{"embeddable":true,"href":"https:\/\/mawelodges.com\/de\/wp-json\/wp\/v2\/users\/1"}],"replies":[{"embeddable":true,"href":"https:\/\/mawelodges.com\/de\/wp-json\/wp\/v2\/comments?post=25707"}],"version-history":[{"count":1,"href":"https:\/\/mawelodges.com\/de\/wp-json\/wp\/v2\/pages\/25707\/revisions"}],"predecessor-version":[{"id":25710,"href":"https:\/\/mawelodges.com\/de\/wp-json\/wp\/v2\/pages\/25707\/revisions\/25710"}],"wp:attachment":[{"href":"https:\/\/mawelodges.com\/de\/wp-json\/wp\/v2\/media?parent=25707"}],"curies":[{"name":"wp","href":"https:\/\/api.w.org\/{rel}","templated":true}]}}