{"id":25984,"date":"2025-03-04T22:35:01","date_gmt":"2025-03-04T19:35:01","guid":{"rendered":"https:\/\/mawelodges.com\/?page_id=25984"},"modified":"2026-04-15T15:23:23","modified_gmt":"2026-04-15T12:23:23","slug":"vielen-dank","status":"publish","type":"page","link":"https:\/\/mawelodges.com\/de\/vielen-dank\/","title":{"rendered":"Vielen Dank"},"content":{"rendered":"\t\t<div data-elementor-type=\"wp-page\" data-elementor-id=\"25984\" class=\"elementor elementor-25984 elementor-21418\" data-elementor-post-type=\"page\">\n\t\t\t\t<div class=\"elementor-element elementor-element-b843791 e-flex e-con-boxed e-con e-parent\" data-id=\"b843791\" data-element_type=\"container\" data-e-type=\"container\" data-settings=\"{&quot;background_background&quot;:&quot;classic&quot;}\">\n\t\t\t\t\t<div class=\"e-con-inner\">\n\t\t\t\t<div class=\"elementor-element elementor-element-00504f5 elementor-widget elementor-widget-image\" data-id=\"00504f5\" data-element_type=\"widget\" data-e-type=\"widget\" data-widget_type=\"image.default\">\n\t\t\t\t<div class=\"elementor-widget-container\">\n\t\t\t\t\t\t\t\t\t\t\t\t\t\t\t<img loading=\"lazy\" decoding=\"async\" width=\"300\" height=\"117\" src=\"https:\/\/mawelodges.com\/wp-content\/uploads\/2023\/07\/cropped-cropped-Mawe-logo-3-300x117-1.png\" class=\"attachment-large size-large wp-image-25497\" alt=\"\" \/>\t\t\t\t\t\t\t\t\t\t\t\t\t\t\t<\/div>\n\t\t\t\t<\/div>\n\t\t<div class=\"elementor-element elementor-element-eeff78e e-con-full e-flex e-con e-child\" data-id=\"eeff78e\" data-element_type=\"container\" data-e-type=\"container\">\n\t\t\t\t<div class=\"elementor-element elementor-element-9e39f6a elementor-widget elementor-widget-heading\" data-id=\"9e39f6a\" data-element_type=\"widget\" data-e-type=\"widget\" data-widget_type=\"heading.default\">\n\t\t\t\t<div class=\"elementor-widget-container\">\n\t\t\t\t\t<h2 class=\"elementor-heading-title elementor-size-default\">Vielen Dank, dass Sie uns kontaktiert haben!<\/h2>\t\t\t\t<\/div>\n\t\t\t\t<\/div>\n\t\t\t\t<div class=\"elementor-element elementor-element-75612e0 elementor-widget elementor-widget-text-editor\" data-id=\"75612e0\" data-element_type=\"widget\" data-e-type=\"widget\" data-widget_type=\"text-editor.default\">\n\t\t\t\t<div class=\"elementor-widget-container\">\n\t\t\t\t\t\t\t\t\tIhre Nachricht ist bei uns eingegangen, und wir werden Ihnen so schnell wie m\u00f6glich antworten. In der Zwischenzeit k\u00f6nnen Sie gerne unsere Website erkunden oder uns kontaktieren, wenn Sie weitere Fragen haben. Wir danken Ihnen f\u00fcr Ihre Zeit und freuen uns darauf, Ihnen weiterzuhelfen!  \t\t\t\t\t\t\t\t<\/div>\n\t\t\t\t<\/div>\n\t\t\t\t<div class=\"elementor-element elementor-element-927a2ef elementor-align-justify elementor-widget elementor-widget-button\" data-id=\"927a2ef\" data-element_type=\"widget\" data-e-type=\"widget\" data-widget_type=\"button.default\">\n\t\t\t\t<div class=\"elementor-widget-container\">\n\t\t\t\t\t\t\t\t\t<div class=\"elementor-button-wrapper\">\n\t\t\t\t\t<a class=\"elementor-button elementor-button-link elementor-size-sm elementor-animation-pulse-grow\" href=\"https:\/\/mawelodges.com\/de\/?page_id=24500\">\n\t\t\t\t\t\t<span class=\"elementor-button-content-wrapper\">\n\t\t\t\t\t\t\t\t\t<span class=\"elementor-button-text\">Entdecken Sie die Erlebnisse<\/span>\n\t\t\t\t\t<\/span>\n\t\t\t\t\t<\/a>\n\t\t\t\t<\/div>\n\t\t\t\t\t\t\t\t<\/div>\n\t\t\t\t<\/div>\n\t\t\t\t<\/div>\n\t\t\t\t\t<\/div>\n\t\t\t\t<\/div>\n\t\t\t\t<\/div>\n\t\t","protected":false},"excerpt":{"rendered":"<p>Vielen Dank, dass Sie uns kontaktiert haben! Ihre Nachricht ist bei uns eingegangen, und wir werden Ihnen so schnell wie m\u00f6glich antworten. In der Zwischenzeit k\u00f6nnen Sie gerne unsere Website erkunden oder uns kontaktieren, wenn Sie weitere Fragen haben. Wir danken Ihnen f\u00fcr Ihre Zeit und freuen uns darauf, Ihnen weiterzuhelfen! Entdecken Sie die Erlebnisse<\/p>\n","protected":false},"author":1,"featured_media":0,"parent":0,"menu_order":0,"comment_status":"closed","ping_status":"closed","template":"elementor_header_footer","meta":{"_uag_custom_page_level_css":"","_kad_post_transparent":"","_kad_post_title":"","_kad_post_layout":"","_kad_post_sidebar_id":"","_kad_post_content_style":"","_kad_post_vertical_padding":"","_kad_post_feature":"","_kad_post_feature_position":"","_kad_post_header":false,"_kad_post_footer":false,"_kad_post_classname":"","footnotes":""},"class_list":["post-25984","page","type-page","status-publish","hentry"],"yoast_head":"<!-- This site is optimized with the Yoast SEO Premium plugin v27.1 (Yoast SEO v27.4) - https:\/\/yoast.com\/product\/yoast-seo-premium-wordpress\/ -->\n<title>Vielen Dank - Mawe Lodges<\/title>\n<meta name=\"robots\" content=\"noindex, follow\" \/>\n<meta property=\"og:locale\" content=\"de_DE\" \/>\n<meta property=\"og:type\" content=\"article\" \/>\n<meta property=\"og:title\" content=\"Vielen Dank\" \/>\n<meta property=\"og:description\" content=\"Vielen Dank, dass Sie uns kontaktiert haben! Ihre Nachricht ist bei uns eingegangen, und wir werden Ihnen so schnell wie m\u00f6glich antworten. In der Zwischenzeit k\u00f6nnen Sie gerne unsere Website erkunden oder uns kontaktieren, wenn Sie weitere Fragen haben. Wir danken Ihnen f\u00fcr Ihre Zeit und freuen uns darauf, Ihnen weiterzuhelfen! Entdecken Sie die Erlebnisse\" \/>\n<meta property=\"og:url\" content=\"https:\/\/mawelodges.com\/de\/vielen-dank\/\" \/>\n<meta property=\"og:site_name\" content=\"Mawe Lodges\" \/>\n<meta property=\"article:publisher\" content=\"https:\/\/www.facebook.com\/people\/Mawe-Lodges\/100066949615500\/\" \/>\n<meta property=\"article:modified_time\" content=\"2026-04-15T12:23:23+00:00\" \/>\n<meta property=\"og:image\" content=\"https:\/\/mawelodges.com\/wp-content\/uploads\/2023\/07\/cropped-cropped-Mawe-logo-3-300x117-1.png\" \/>\n\t<meta property=\"og:image:width\" content=\"300\" \/>\n\t<meta property=\"og:image:height\" content=\"117\" \/>\n\t<meta property=\"og:image:type\" content=\"image\/png\" \/>\n<meta name=\"twitter:card\" content=\"summary_large_image\" \/>\n<script type=\"application\/ld+json\" class=\"yoast-schema-graph\">{\"@context\":\"https:\\\/\\\/schema.org\",\"@graph\":[{\"@type\":\"WebPage\",\"@id\":\"https:\\\/\\\/mawelodges.com\\\/de\\\/vielen-dank\\\/\",\"url\":\"https:\\\/\\\/mawelodges.com\\\/de\\\/vielen-dank\\\/\",\"name\":\"Vielen Dank - Mawe Lodges\",\"isPartOf\":{\"@id\":\"https:\\\/\\\/mawelodges.com\\\/de\\\/#website\"},\"primaryImageOfPage\":{\"@id\":\"https:\\\/\\\/mawelodges.com\\\/de\\\/vielen-dank\\\/#primaryimage\"},\"image\":{\"@id\":\"https:\\\/\\\/mawelodges.com\\\/de\\\/vielen-dank\\\/#primaryimage\"},\"thumbnailUrl\":\"https:\\\/\\\/mawelodges.com\\\/wp-content\\\/uploads\\\/2023\\\/07\\\/cropped-cropped-Mawe-logo-3-300x117-1.png\",\"datePublished\":\"2025-03-04T19:35:01+00:00\",\"dateModified\":\"2026-04-15T12:23:23+00:00\",\"breadcrumb\":{\"@id\":\"https:\\\/\\\/mawelodges.com\\\/de\\\/vielen-dank\\\/#breadcrumb\"},\"inLanguage\":\"de\",\"potentialAction\":[{\"@type\":\"ReadAction\",\"target\":[\"https:\\\/\\\/mawelodges.com\\\/de\\\/vielen-dank\\\/\"]}]},{\"@type\":\"ImageObject\",\"inLanguage\":\"de\",\"@id\":\"https:\\\/\\\/mawelodges.com\\\/de\\\/vielen-dank\\\/#primaryimage\",\"url\":\"https:\\\/\\\/mawelodges.com\\\/wp-content\\\/uploads\\\/2023\\\/07\\\/cropped-cropped-Mawe-logo-3-300x117-1.png\",\"contentUrl\":\"https:\\\/\\\/mawelodges.com\\\/wp-content\\\/uploads\\\/2023\\\/07\\\/cropped-cropped-Mawe-logo-3-300x117-1.png\"},{\"@type\":\"BreadcrumbList\",\"@id\":\"https:\\\/\\\/mawelodges.com\\\/de\\\/vielen-dank\\\/#breadcrumb\",\"itemListElement\":[{\"@type\":\"ListItem\",\"position\":1,\"name\":\"Home\",\"item\":\"https:\\\/\\\/mawelodges.com\\\/de\\\/\"},{\"@type\":\"ListItem\",\"position\":2,\"name\":\"Vielen Dank\"}]},{\"@type\":\"WebSite\",\"@id\":\"https:\\\/\\\/mawelodges.com\\\/de\\\/#website\",\"url\":\"https:\\\/\\\/mawelodges.com\\\/de\\\/\",\"name\":\"Mawe Lodges\",\"description\":\"Mawe Lodges official website\",\"publisher\":{\"@id\":\"https:\\\/\\\/mawelodges.com\\\/de\\\/#organization\"},\"potentialAction\":[{\"@type\":\"SearchAction\",\"target\":{\"@type\":\"EntryPoint\",\"urlTemplate\":\"https:\\\/\\\/mawelodges.com\\\/de\\\/?s={search_term_string}\"},\"query-input\":{\"@type\":\"PropertyValueSpecification\",\"valueRequired\":true,\"valueName\":\"search_term_string\"}}],\"inLanguage\":\"de\"},{\"@type\":\"Organization\",\"@id\":\"https:\\\/\\\/mawelodges.com\\\/de\\\/#organization\",\"name\":\"Mawe Lodges\",\"url\":\"https:\\\/\\\/mawelodges.com\\\/de\\\/\",\"logo\":{\"@type\":\"ImageObject\",\"inLanguage\":\"de\",\"@id\":\"https:\\\/\\\/mawelodges.com\\\/de\\\/#\\\/schema\\\/logo\\\/image\\\/\",\"url\":\"https:\\\/\\\/mawelodges.com\\\/wp-content\\\/uploads\\\/2023\\\/07\\\/cropped-cropped-Mawe-logo-3-300x117-1.png\",\"contentUrl\":\"https:\\\/\\\/mawelodges.com\\\/wp-content\\\/uploads\\\/2023\\\/07\\\/cropped-cropped-Mawe-logo-3-300x117-1.png\",\"width\":300,\"height\":117,\"caption\":\"Mawe Lodges\"},\"image\":{\"@id\":\"https:\\\/\\\/mawelodges.com\\\/de\\\/#\\\/schema\\\/logo\\\/image\\\/\"},\"sameAs\":[\"https:\\\/\\\/www.facebook.com\\\/people\\\/Mawe-Lodges\\\/100066949615500\\\/\",\"https:\\\/\\\/www.instagram.com\\\/mawelodges\\\/\"]}]}<\/script>\n<!-- \/ Yoast SEO Premium plugin. -->","yoast_head_json":{"title":"Vielen Dank - Mawe Lodges","robots":{"index":"noindex","follow":"follow"},"og_locale":"de_DE","og_type":"article","og_title":"Vielen Dank","og_description":"Vielen Dank, dass Sie uns kontaktiert haben! Ihre Nachricht ist bei uns eingegangen, und wir werden Ihnen so schnell wie m\u00f6glich antworten. In der Zwischenzeit k\u00f6nnen Sie gerne unsere Website erkunden oder uns kontaktieren, wenn Sie weitere Fragen haben. Wir danken Ihnen f\u00fcr Ihre Zeit und freuen uns darauf, Ihnen weiterzuhelfen! Entdecken Sie die Erlebnisse","og_url":"https:\/\/mawelodges.com\/de\/vielen-dank\/","og_site_name":"Mawe Lodges","article_publisher":"https:\/\/www.facebook.com\/people\/Mawe-Lodges\/100066949615500\/","article_modified_time":"2026-04-15T12:23:23+00:00","og_image":[{"width":300,"height":117,"url":"https:\/\/mawelodges.com\/wp-content\/uploads\/2023\/07\/cropped-cropped-Mawe-logo-3-300x117-1.png","type":"image\/png"}],"twitter_card":"summary_large_image","schema":{"@context":"https:\/\/schema.org","@graph":[{"@type":"WebPage","@id":"https:\/\/mawelodges.com\/de\/vielen-dank\/","url":"https:\/\/mawelodges.com\/de\/vielen-dank\/","name":"Vielen Dank - Mawe Lodges","isPartOf":{"@id":"https:\/\/mawelodges.com\/de\/#website"},"primaryImageOfPage":{"@id":"https:\/\/mawelodges.com\/de\/vielen-dank\/#primaryimage"},"image":{"@id":"https:\/\/mawelodges.com\/de\/vielen-dank\/#primaryimage"},"thumbnailUrl":"https:\/\/mawelodges.com\/wp-content\/uploads\/2023\/07\/cropped-cropped-Mawe-logo-3-300x117-1.png","datePublished":"2025-03-04T19:35:01+00:00","dateModified":"2026-04-15T12:23:23+00:00","breadcrumb":{"@id":"https:\/\/mawelodges.com\/de\/vielen-dank\/#breadcrumb"},"inLanguage":"de","potentialAction":[{"@type":"ReadAction","target":["https:\/\/mawelodges.com\/de\/vielen-dank\/"]}]},{"@type":"ImageObject","inLanguage":"de","@id":"https:\/\/mawelodges.com\/de\/vielen-dank\/#primaryimage","url":"https:\/\/mawelodges.com\/wp-content\/uploads\/2023\/07\/cropped-cropped-Mawe-logo-3-300x117-1.png","contentUrl":"https:\/\/mawelodges.com\/wp-content\/uploads\/2023\/07\/cropped-cropped-Mawe-logo-3-300x117-1.png"},{"@type":"BreadcrumbList","@id":"https:\/\/mawelodges.com\/de\/vielen-dank\/#breadcrumb","itemListElement":[{"@type":"ListItem","position":1,"name":"Home","item":"https:\/\/mawelodges.com\/de\/"},{"@type":"ListItem","position":2,"name":"Vielen Dank"}]},{"@type":"WebSite","@id":"https:\/\/mawelodges.com\/de\/#website","url":"https:\/\/mawelodges.com\/de\/","name":"Mawe Lodges","description":"Mawe Lodges official website","publisher":{"@id":"https:\/\/mawelodges.com\/de\/#organization"},"potentialAction":[{"@type":"SearchAction","target":{"@type":"EntryPoint","urlTemplate":"https:\/\/mawelodges.com\/de\/?s={search_term_string}"},"query-input":{"@type":"PropertyValueSpecification","valueRequired":true,"valueName":"search_term_string"}}],"inLanguage":"de"},{"@type":"Organization","@id":"https:\/\/mawelodges.com\/de\/#organization","name":"Mawe Lodges","url":"https:\/\/mawelodges.com\/de\/","logo":{"@type":"ImageObject","inLanguage":"de","@id":"https:\/\/mawelodges.com\/de\/#\/schema\/logo\/image\/","url":"https:\/\/mawelodges.com\/wp-content\/uploads\/2023\/07\/cropped-cropped-Mawe-logo-3-300x117-1.png","contentUrl":"https:\/\/mawelodges.com\/wp-content\/uploads\/2023\/07\/cropped-cropped-Mawe-logo-3-300x117-1.png","width":300,"height":117,"caption":"Mawe Lodges"},"image":{"@id":"https:\/\/mawelodges.com\/de\/#\/schema\/logo\/image\/"},"sameAs":["https:\/\/www.facebook.com\/people\/Mawe-Lodges\/100066949615500\/","https:\/\/www.instagram.com\/mawelodges\/"]}]}},"uagb_featured_image_src":{"full":false,"thumbnail":false,"medium":false,"medium_large":false,"large":false,"1536x1536":false,"2048x2048":false},"uagb_author_info":{"display_name":"admin","author_link":"https:\/\/mawelodges.com\/de\/author\/admin\/"},"uagb_comment_info":0,"uagb_excerpt":"Vielen Dank, dass Sie uns kontaktiert haben! Ihre Nachricht ist bei uns eingegangen, und wir werden Ihnen so schnell wie m\u00f6glich antworten. In der Zwischenzeit k\u00f6nnen Sie gerne unsere Website erkunden oder uns kontaktieren, wenn Sie weitere Fragen haben. Wir danken Ihnen f\u00fcr Ihre Zeit und freuen uns darauf, Ihnen weiterzuhelfen! Entdecken Sie die Erlebnisse","_links":{"self":[{"href":"https:\/\/mawelodges.com\/de\/wp-json\/wp\/v2\/pages\/25984","targetHints":{"allow":["GET"]}}],"collection":[{"href":"https:\/\/mawelodges.com\/de\/wp-json\/wp\/v2\/pages"}],"about":[{"href":"https:\/\/mawelodges.com\/de\/wp-json\/wp\/v2\/types\/page"}],"author":[{"embeddable":true,"href":"https:\/\/mawelodges.com\/de\/wp-json\/wp\/v2\/users\/1"}],"replies":[{"embeddable":true,"href":"https:\/\/mawelodges.com\/de\/wp-json\/wp\/v2\/comments?post=25984"}],"version-history":[{"count":2,"href":"https:\/\/mawelodges.com\/de\/wp-json\/wp\/v2\/pages\/25984\/revisions"}],"predecessor-version":[{"id":27850,"href":"https:\/\/mawelodges.com\/de\/wp-json\/wp\/v2\/pages\/25984\/revisions\/27850"}],"wp:attachment":[{"href":"https:\/\/mawelodges.com\/de\/wp-json\/wp\/v2\/media?parent=25984"}],"curies":[{"name":"wp","href":"https:\/\/api.w.org\/{rel}","templated":true}]}}