{"id":26076,"date":"2022-03-01T12:59:24","date_gmt":"2022-03-01T09:59:24","guid":{"rendered":"https:\/\/mawelodges.com\/?page_id=26076"},"modified":"2026-05-06T15:10:13","modified_gmt":"2026-05-06T12:10:13","slug":"faqs","status":"publish","type":"page","link":"https:\/\/mawelodges.com\/de\/faqs\/","title":{"rendered":"FAQs"},"content":{"rendered":"\t\t<div data-elementor-type=\"wp-page\" data-elementor-id=\"26076\" class=\"elementor elementor-26076 elementor-1659\" data-elementor-post-type=\"page\">\n\t\t\t\t<div class=\"elementor-element elementor-element-45b386d e-con-full section-s e-flex e-con e-parent\" data-id=\"45b386d\" data-element_type=\"container\" data-e-type=\"container\" data-settings=\"{&quot;background_background&quot;:&quot;classic&quot;}\">\n\t\t<div class=\"elementor-element elementor-element-b0bcbaf e-con-full e-flex e-con e-child\" data-id=\"b0bcbaf\" data-element_type=\"container\" data-e-type=\"container\">\n\t\t<div class=\"elementor-element elementor-element-d940a8e e-con-full e-flex e-con e-child\" data-id=\"d940a8e\" data-element_type=\"container\" data-e-type=\"container\">\n\t\t<div class=\"elementor-element elementor-element-8638dcc py-xl-10 py-5 e-con-full e-flex e-con e-child\" data-id=\"8638dcc\" data-element_type=\"container\" data-e-type=\"container\">\n\t\t\t\t<div class=\"elementor-element elementor-element-dc4f39a elementor-widget elementor-widget-heading\" data-id=\"dc4f39a\" data-element_type=\"widget\" data-e-type=\"widget\" data-widget_type=\"heading.default\">\n\t\t\t\t<div class=\"elementor-widget-container\">\n\t\t\t\t\t<h2 class=\"elementor-heading-title elementor-size-default\">H\u00e4ufig gestellte Fragen<\/h2>\t\t\t\t<\/div>\n\t\t\t\t<\/div>\n\t\t\t\t<\/div>\n\t\t\t\t<\/div>\n\t\t\t\t<\/div>\n\t\t\t\t<\/div>\n\t\t<div class=\"elementor-element elementor-element-945eb24 section-s e-con-full e-flex e-con e-parent\" data-id=\"945eb24\" data-element_type=\"container\" data-e-type=\"container\">\n\t\t<div class=\"elementor-element elementor-element-9508b85 col-md-8 col-xl-9 e-con-full e-flex e-con e-child\" data-id=\"9508b85\" data-element_type=\"container\" data-e-type=\"container\">\n\t\t\t\t<div class=\"elementor-element elementor-element-8e60262 elementor-widget elementor-widget-accordion\" data-id=\"8e60262\" data-element_type=\"widget\" data-e-type=\"widget\" data-widget_type=\"accordion.myt-accordion-mytravel\">\n\t\t\t\t<div class=\"elementor-widget-container\">\n\t\t\t\t\t\t\t<div class=\"elementor-accordion\">\n\t\t\t\t\t\t\t<div class=\"elementor-accordion-item\">\n\t\t\t\t\t<h6 id=\"elementor-tab-title-1491\" class=\"elementor-tab-title\" data-tab=\"1\" role=\"button\" aria-controls=\"elementor-tab-content-1491\" aria-expanded=\"false\">\n\t\t\t\t\t\t\t\t\t\t\t\t\t<span class=\"elementor-accordion-icon elementor-accordion-icon-left\" aria-hidden=\"true\">\n\t\t\t\t\t\t\t\t\t\t\t\t\t\t\t<span class=\"elementor-accordion-icon-closed\"><i class=\"fas fa-plus\"><\/i><\/span>\n\t\t\t\t\t\t\t\t<span class=\"elementor-accordion-icon-opened\"><i class=\"fas fa-minus\"><\/i><\/span>\n\t\t\t\t\t\t\t\t\t\t\t\t\t\t<\/span>\n\t\t\t\t\t\t\t\t\t\t\t\t<a class=\"elementor-accordion-title\" tabindex=\"0\">Ich reise alleine, gibt es einen Einzelzimmerzuschlag?<\/a>\n\t\t\t\t\t<\/h6>\n\t\t\t\t\t<div id=\"elementor-tab-content-1491\" class=\"elementor-tab-content elementor-clearfix\" data-tab=\"1\" role=\"region\" aria-labelledby=\"elementor-tab-title-1491\"><p>Eine wunderbare Heiterkeit hat meine ganze Seele ergriffen, wie diese s\u00fc\u00dfen Fr\u00fchlingsmorgen, die ich mit ganzem Herzen genie\u00dfe. Ich bin allein und f\u00fchle den Reiz der Existenz an diesem Ort, der f\u00fcr die Gl\u00fcckseligkeit von Seelen wie der meinen geschaffen wurde. Ich bin so gl\u00fccklich, mein lieber Freund, so versunken in das Exquisite.  <\/p>\n<\/div>\n\t\t\t\t<\/div>\n\t\t\t\t\t\t\t<div class=\"elementor-accordion-item\">\n\t\t\t\t\t<h6 id=\"elementor-tab-title-1492\" class=\"elementor-tab-title\" data-tab=\"2\" role=\"button\" aria-controls=\"elementor-tab-content-1492\" aria-expanded=\"false\">\n\t\t\t\t\t\t\t\t\t\t\t\t\t<span class=\"elementor-accordion-icon elementor-accordion-icon-left\" aria-hidden=\"true\">\n\t\t\t\t\t\t\t\t\t\t\t\t\t\t\t<span class=\"elementor-accordion-icon-closed\"><i class=\"fas fa-plus\"><\/i><\/span>\n\t\t\t\t\t\t\t\t<span class=\"elementor-accordion-icon-opened\"><i class=\"fas fa-minus\"><\/i><\/span>\n\t\t\t\t\t\t\t\t\t\t\t\t\t\t<\/span>\n\t\t\t\t\t\t\t\t\t\t\t\t<a class=\"elementor-accordion-title\" tabindex=\"0\">Welche W\u00e4hrung wird auf dieser Tour am h\u00e4ufigsten akzeptiert?<\/a>\n\t\t\t\t\t<\/h6>\n\t\t\t\t\t<div id=\"elementor-tab-content-1492\" class=\"elementor-tab-content elementor-clearfix\" data-tab=\"2\" role=\"region\" aria-labelledby=\"elementor-tab-title-1492\"><p>Eine wunderbare Heiterkeit hat meine ganze Seele ergriffen, wie diese s\u00fc\u00dfen Fr\u00fchlingsmorgen, die ich mit ganzem Herzen genie\u00dfe. Ich bin allein und f\u00fchle den Reiz der Existenz an diesem Ort, der f\u00fcr die Gl\u00fcckseligkeit von Seelen wie der meinen geschaffen wurde. Ich bin so gl\u00fccklich, mein lieber Freund, so versunken in das Exquisite.  <\/p>\n<\/div>\n\t\t\t\t<\/div>\n\t\t\t\t\t\t\t<div class=\"elementor-accordion-item\">\n\t\t\t\t\t<h6 id=\"elementor-tab-title-1493\" class=\"elementor-tab-title\" data-tab=\"3\" role=\"button\" aria-controls=\"elementor-tab-content-1493\" aria-expanded=\"false\">\n\t\t\t\t\t\t\t\t\t\t\t\t\t<span class=\"elementor-accordion-icon elementor-accordion-icon-left\" aria-hidden=\"true\">\n\t\t\t\t\t\t\t\t\t\t\t\t\t\t\t<span class=\"elementor-accordion-icon-closed\"><i class=\"fas fa-plus\"><\/i><\/span>\n\t\t\t\t\t\t\t\t<span class=\"elementor-accordion-icon-opened\"><i class=\"fas fa-minus\"><\/i><\/span>\n\t\t\t\t\t\t\t\t\t\t\t\t\t\t<\/span>\n\t\t\t\t\t\t\t\t\t\t\t\t<a class=\"elementor-accordion-title\" tabindex=\"0\">Sollte ich eine Unterkunft vor\/nach der Tour buchen?<\/a>\n\t\t\t\t\t<\/h6>\n\t\t\t\t\t<div id=\"elementor-tab-content-1493\" class=\"elementor-tab-content elementor-clearfix\" data-tab=\"3\" role=\"region\" aria-labelledby=\"elementor-tab-title-1493\"><p>Eine wunderbare Heiterkeit hat meine ganze Seele ergriffen, wie diese s\u00fc\u00dfen Fr\u00fchlingsmorgen, die ich mit ganzem Herzen genie\u00dfe. Ich bin allein und f\u00fchle den Reiz der Existenz an diesem Ort, der f\u00fcr die Gl\u00fcckseligkeit von Seelen wie der meinen geschaffen wurde. Ich bin so gl\u00fccklich, mein lieber Freund, so versunken in das Exquisite.  <\/p>\n<\/div>\n\t\t\t\t<\/div>\n\t\t\t\t\t\t\t<div class=\"elementor-accordion-item\">\n\t\t\t\t\t<h6 id=\"elementor-tab-title-1494\" class=\"elementor-tab-title\" data-tab=\"4\" role=\"button\" aria-controls=\"elementor-tab-content-1494\" aria-expanded=\"false\">\n\t\t\t\t\t\t\t\t\t\t\t\t\t<span class=\"elementor-accordion-icon elementor-accordion-icon-left\" aria-hidden=\"true\">\n\t\t\t\t\t\t\t\t\t\t\t\t\t\t\t<span class=\"elementor-accordion-icon-closed\"><i class=\"fas fa-plus\"><\/i><\/span>\n\t\t\t\t\t\t\t\t<span class=\"elementor-accordion-icon-opened\"><i class=\"fas fa-minus\"><\/i><\/span>\n\t\t\t\t\t\t\t\t\t\t\t\t\t\t<\/span>\n\t\t\t\t\t\t\t\t\t\t\t\t<a class=\"elementor-accordion-title\" tabindex=\"0\">Wie bearbeite ich meinen Kalender?<\/a>\n\t\t\t\t\t<\/h6>\n\t\t\t\t\t<div id=\"elementor-tab-content-1494\" class=\"elementor-tab-content elementor-clearfix\" data-tab=\"4\" role=\"region\" aria-labelledby=\"elementor-tab-title-1494\"><p>Eine wunderbare Heiterkeit hat meine ganze Seele ergriffen, wie diese s\u00fc\u00dfen Fr\u00fchlingsmorgen, die ich mit ganzem Herzen genie\u00dfe. Ich bin allein und f\u00fchle den Reiz der Existenz an diesem Ort, der f\u00fcr die Gl\u00fcckseligkeit von Seelen wie der meinen geschaffen wurde. Ich bin so gl\u00fccklich, mein lieber Freund, so versunken in das Exquisite.  <\/p>\n<\/div>\n\t\t\t\t<\/div>\n\t\t\t\t\t\t\t<div class=\"elementor-accordion-item\">\n\t\t\t\t\t<h6 id=\"elementor-tab-title-1495\" class=\"elementor-tab-title\" data-tab=\"5\" role=\"button\" aria-controls=\"elementor-tab-content-1495\" aria-expanded=\"false\">\n\t\t\t\t\t\t\t\t\t\t\t\t\t<span class=\"elementor-accordion-icon elementor-accordion-icon-left\" aria-hidden=\"true\">\n\t\t\t\t\t\t\t\t\t\t\t\t\t\t\t<span class=\"elementor-accordion-icon-closed\"><i class=\"fas fa-plus\"><\/i><\/span>\n\t\t\t\t\t\t\t\t<span class=\"elementor-accordion-icon-opened\"><i class=\"fas fa-minus\"><\/i><\/span>\n\t\t\t\t\t\t\t\t\t\t\t\t\t\t<\/span>\n\t\t\t\t\t\t\t\t\t\t\t\t<a class=\"elementor-accordion-title\" tabindex=\"0\">Warum wurde mein Eintrag deaktiviert?<\/a>\n\t\t\t\t\t<\/h6>\n\t\t\t\t\t<div id=\"elementor-tab-content-1495\" class=\"elementor-tab-content elementor-clearfix\" data-tab=\"5\" role=\"region\" aria-labelledby=\"elementor-tab-title-1495\"><p>Eine wunderbare Heiterkeit hat meine ganze Seele ergriffen, wie diese s\u00fc\u00dfen Fr\u00fchlingsmorgen, die ich mit ganzem Herzen genie\u00dfe. Ich bin allein und f\u00fchle den Reiz der Existenz an diesem Ort, der f\u00fcr die Gl\u00fcckseligkeit von Seelen wie der meinen geschaffen wurde. Ich bin so gl\u00fccklich, mein lieber Freund, so versunken in das Exquisite.  <\/p>\n<\/div>\n\t\t\t\t<\/div>\n\t\t\t\t\t\t\t<div class=\"elementor-accordion-item\">\n\t\t\t\t\t<h6 id=\"elementor-tab-title-1496\" class=\"elementor-tab-title\" data-tab=\"6\" role=\"button\" aria-controls=\"elementor-tab-content-1496\" aria-expanded=\"false\">\n\t\t\t\t\t\t\t\t\t\t\t\t\t<span class=\"elementor-accordion-icon elementor-accordion-icon-left\" aria-hidden=\"true\">\n\t\t\t\t\t\t\t\t\t\t\t\t\t\t\t<span class=\"elementor-accordion-icon-closed\"><i class=\"fas fa-plus\"><\/i><\/span>\n\t\t\t\t\t\t\t\t<span class=\"elementor-accordion-icon-opened\"><i class=\"fas fa-minus\"><\/i><\/span>\n\t\t\t\t\t\t\t\t\t\t\t\t\t\t<\/span>\n\t\t\t\t\t\t\t\t\t\t\t\t<a class=\"elementor-accordion-title\" tabindex=\"0\">Wie deaktiviere oder l\u00f6sche ich meinen Eintrag?<\/a>\n\t\t\t\t\t<\/h6>\n\t\t\t\t\t<div id=\"elementor-tab-content-1496\" class=\"elementor-tab-content elementor-clearfix\" data-tab=\"6\" role=\"region\" aria-labelledby=\"elementor-tab-title-1496\"><p>Eine wunderbare Heiterkeit hat meine ganze Seele ergriffen, wie diese s\u00fc\u00dfen Fr\u00fchlingsmorgen, die ich mit ganzem Herzen genie\u00dfe. Ich bin allein und f\u00fchle den Reiz der Existenz an diesem Ort, der f\u00fcr die Gl\u00fcckseligkeit von Seelen wie der meinen geschaffen wurde. Ich bin so gl\u00fccklich, mein lieber Freund, so versunken in das Exquisite.  <\/p>\n<\/div>\n\t\t\t\t<\/div>\n\t\t\t\t\t\t\t\t<\/div>\n\t\t\t\t\t\t<\/div>\n\t\t\t\t<\/div>\n\t\t\t\t<\/div>\n\t\t\t\t<\/div>\n\t\t\t\t<\/div>\n\t\t","protected":false},"excerpt":{"rendered":"<p>H\u00e4ufig gestellte Fragen Ich reise alleine, gibt es einen Einzelzimmerzuschlag? Eine wunderbare Heiterkeit hat meine ganze Seele ergriffen, wie diese s\u00fc\u00dfen Fr\u00fchlingsmorgen, die ich mit ganzem Herzen genie\u00dfe. Ich bin allein und f\u00fchle den Reiz der Existenz an diesem Ort, der f\u00fcr die Gl\u00fcckseligkeit von Seelen wie der meinen geschaffen wurde. Ich bin so gl\u00fccklich,&#8230;<\/p>\n","protected":false},"author":1,"featured_media":0,"parent":0,"menu_order":0,"comment_status":"closed","ping_status":"closed","template":"elementor_header_footer","meta":{"_uag_custom_page_level_css":"","_kad_post_transparent":"","_kad_post_title":"","_kad_post_layout":"","_kad_post_sidebar_id":"","_kad_post_content_style":"","_kad_post_vertical_padding":"","_kad_post_feature":"","_kad_post_feature_position":"","_kad_post_header":false,"_kad_post_footer":false,"_kad_post_classname":"","footnotes":""},"class_list":["post-26076","page","type-page","status-publish","hentry"],"yoast_head":"<!-- This site is optimized with the Yoast SEO Premium plugin v27.1 (Yoast SEO v27.5) - https:\/\/yoast.com\/product\/yoast-seo-premium-wordpress\/ -->\n<title>FAQs - Mawe Lodges<\/title>\n<meta name=\"robots\" content=\"index, follow, max-snippet:-1, max-image-preview:large, max-video-preview:-1\" \/>\n<link rel=\"canonical\" href=\"https:\/\/mawelodges.com\/de\/faqs\/\" \/>\n<meta property=\"og:locale\" content=\"de_DE\" \/>\n<meta property=\"og:type\" content=\"article\" \/>\n<meta property=\"og:title\" content=\"FAQs\" \/>\n<meta property=\"og:description\" content=\"H\u00e4ufig gestellte Fragen Ich reise alleine, gibt es einen Einzelzimmerzuschlag? Eine wunderbare Heiterkeit hat meine ganze Seele ergriffen, wie diese s\u00fc\u00dfen Fr\u00fchlingsmorgen, die ich mit ganzem Herzen genie\u00dfe. Ich bin allein und f\u00fchle den Reiz der Existenz an diesem Ort, der f\u00fcr die Gl\u00fcckseligkeit von Seelen wie der meinen geschaffen wurde. Ich bin so gl\u00fccklich,...\" \/>\n<meta property=\"og:url\" content=\"https:\/\/mawelodges.com\/de\/faqs\/\" \/>\n<meta property=\"og:site_name\" content=\"Mawe Lodges\" \/>\n<meta property=\"article:publisher\" content=\"https:\/\/www.facebook.com\/people\/Mawe-Lodges\/100066949615500\/\" \/>\n<meta property=\"article:modified_time\" content=\"2026-05-06T12:10:13+00:00\" \/>\n<meta name=\"twitter:card\" content=\"summary_large_image\" \/>\n<meta name=\"twitter:label1\" content=\"Gesch\u00e4tzte Lesezeit\" \/>\n\t<meta name=\"twitter:data1\" content=\"2\u00a0Minuten\" \/>\n<script type=\"application\/ld+json\" class=\"yoast-schema-graph\">{\"@context\":\"https:\\\/\\\/schema.org\",\"@graph\":[{\"@type\":\"WebPage\",\"@id\":\"https:\\\/\\\/mawelodges.com\\\/de\\\/faqs\\\/\",\"url\":\"https:\\\/\\\/mawelodges.com\\\/de\\\/faqs\\\/\",\"name\":\"FAQs - Mawe Lodges\",\"isPartOf\":{\"@id\":\"https:\\\/\\\/mawelodges.com\\\/de\\\/#website\"},\"datePublished\":\"2022-03-01T09:59:24+00:00\",\"dateModified\":\"2026-05-06T12:10:13+00:00\",\"breadcrumb\":{\"@id\":\"https:\\\/\\\/mawelodges.com\\\/de\\\/faqs\\\/#breadcrumb\"},\"inLanguage\":\"de\",\"potentialAction\":[{\"@type\":\"ReadAction\",\"target\":[\"https:\\\/\\\/mawelodges.com\\\/de\\\/faqs\\\/\"]}]},{\"@type\":\"BreadcrumbList\",\"@id\":\"https:\\\/\\\/mawelodges.com\\\/de\\\/faqs\\\/#breadcrumb\",\"itemListElement\":[{\"@type\":\"ListItem\",\"position\":1,\"name\":\"Home\",\"item\":\"https:\\\/\\\/mawelodges.com\\\/de\\\/home-2\\\/\"},{\"@type\":\"ListItem\",\"position\":2,\"name\":\"FAQs\"}]},{\"@type\":\"WebSite\",\"@id\":\"https:\\\/\\\/mawelodges.com\\\/de\\\/#website\",\"url\":\"https:\\\/\\\/mawelodges.com\\\/de\\\/\",\"name\":\"Mawe Lodges\",\"description\":\"Mawe Lodges official website\",\"publisher\":{\"@id\":\"https:\\\/\\\/mawelodges.com\\\/de\\\/#organization\"},\"potentialAction\":[{\"@type\":\"SearchAction\",\"target\":{\"@type\":\"EntryPoint\",\"urlTemplate\":\"https:\\\/\\\/mawelodges.com\\\/de\\\/?s={search_term_string}\"},\"query-input\":{\"@type\":\"PropertyValueSpecification\",\"valueRequired\":true,\"valueName\":\"search_term_string\"}}],\"inLanguage\":\"de\"},{\"@type\":\"Organization\",\"@id\":\"https:\\\/\\\/mawelodges.com\\\/de\\\/#organization\",\"name\":\"Mawe Lodges\",\"url\":\"https:\\\/\\\/mawelodges.com\\\/de\\\/\",\"logo\":{\"@type\":\"ImageObject\",\"inLanguage\":\"de\",\"@id\":\"https:\\\/\\\/mawelodges.com\\\/de\\\/#\\\/schema\\\/logo\\\/image\\\/\",\"url\":\"https:\\\/\\\/mawelodges.com\\\/wp-content\\\/uploads\\\/2023\\\/07\\\/cropped-cropped-Mawe-logo-3-300x117-1.png\",\"contentUrl\":\"https:\\\/\\\/mawelodges.com\\\/wp-content\\\/uploads\\\/2023\\\/07\\\/cropped-cropped-Mawe-logo-3-300x117-1.png\",\"width\":300,\"height\":117,\"caption\":\"Mawe Lodges\"},\"image\":{\"@id\":\"https:\\\/\\\/mawelodges.com\\\/de\\\/#\\\/schema\\\/logo\\\/image\\\/\"},\"sameAs\":[\"https:\\\/\\\/www.facebook.com\\\/people\\\/Mawe-Lodges\\\/100066949615500\\\/\",\"https:\\\/\\\/www.instagram.com\\\/mawelodges\\\/\"]}]}<\/script>\n<!-- \/ Yoast SEO Premium plugin. -->","yoast_head_json":{"title":"FAQs - Mawe Lodges","robots":{"index":"index","follow":"follow","max-snippet":"max-snippet:-1","max-image-preview":"max-image-preview:large","max-video-preview":"max-video-preview:-1"},"canonical":"https:\/\/mawelodges.com\/de\/faqs\/","og_locale":"de_DE","og_type":"article","og_title":"FAQs","og_description":"H\u00e4ufig gestellte Fragen Ich reise alleine, gibt es einen Einzelzimmerzuschlag? Eine wunderbare Heiterkeit hat meine ganze Seele ergriffen, wie diese s\u00fc\u00dfen Fr\u00fchlingsmorgen, die ich mit ganzem Herzen genie\u00dfe. Ich bin allein und f\u00fchle den Reiz der Existenz an diesem Ort, der f\u00fcr die Gl\u00fcckseligkeit von Seelen wie der meinen geschaffen wurde. Ich bin so gl\u00fccklich,...","og_url":"https:\/\/mawelodges.com\/de\/faqs\/","og_site_name":"Mawe Lodges","article_publisher":"https:\/\/www.facebook.com\/people\/Mawe-Lodges\/100066949615500\/","article_modified_time":"2026-05-06T12:10:13+00:00","twitter_card":"summary_large_image","twitter_misc":{"Gesch\u00e4tzte Lesezeit":"2\u00a0Minuten"},"schema":{"@context":"https:\/\/schema.org","@graph":[{"@type":"WebPage","@id":"https:\/\/mawelodges.com\/de\/faqs\/","url":"https:\/\/mawelodges.com\/de\/faqs\/","name":"FAQs - Mawe Lodges","isPartOf":{"@id":"https:\/\/mawelodges.com\/de\/#website"},"datePublished":"2022-03-01T09:59:24+00:00","dateModified":"2026-05-06T12:10:13+00:00","breadcrumb":{"@id":"https:\/\/mawelodges.com\/de\/faqs\/#breadcrumb"},"inLanguage":"de","potentialAction":[{"@type":"ReadAction","target":["https:\/\/mawelodges.com\/de\/faqs\/"]}]},{"@type":"BreadcrumbList","@id":"https:\/\/mawelodges.com\/de\/faqs\/#breadcrumb","itemListElement":[{"@type":"ListItem","position":1,"name":"Home","item":"https:\/\/mawelodges.com\/de\/home-2\/"},{"@type":"ListItem","position":2,"name":"FAQs"}]},{"@type":"WebSite","@id":"https:\/\/mawelodges.com\/de\/#website","url":"https:\/\/mawelodges.com\/de\/","name":"Mawe Lodges","description":"Mawe Lodges official website","publisher":{"@id":"https:\/\/mawelodges.com\/de\/#organization"},"potentialAction":[{"@type":"SearchAction","target":{"@type":"EntryPoint","urlTemplate":"https:\/\/mawelodges.com\/de\/?s={search_term_string}"},"query-input":{"@type":"PropertyValueSpecification","valueRequired":true,"valueName":"search_term_string"}}],"inLanguage":"de"},{"@type":"Organization","@id":"https:\/\/mawelodges.com\/de\/#organization","name":"Mawe Lodges","url":"https:\/\/mawelodges.com\/de\/","logo":{"@type":"ImageObject","inLanguage":"de","@id":"https:\/\/mawelodges.com\/de\/#\/schema\/logo\/image\/","url":"https:\/\/mawelodges.com\/wp-content\/uploads\/2023\/07\/cropped-cropped-Mawe-logo-3-300x117-1.png","contentUrl":"https:\/\/mawelodges.com\/wp-content\/uploads\/2023\/07\/cropped-cropped-Mawe-logo-3-300x117-1.png","width":300,"height":117,"caption":"Mawe Lodges"},"image":{"@id":"https:\/\/mawelodges.com\/de\/#\/schema\/logo\/image\/"},"sameAs":["https:\/\/www.facebook.com\/people\/Mawe-Lodges\/100066949615500\/","https:\/\/www.instagram.com\/mawelodges\/"]}]}},"uagb_featured_image_src":{"full":false,"thumbnail":false,"medium":false,"medium_large":false,"large":false,"1536x1536":false,"2048x2048":false},"uagb_author_info":{"display_name":"admin","author_link":"https:\/\/mawelodges.com\/de\/author\/admin\/"},"uagb_comment_info":0,"uagb_excerpt":"H\u00e4ufig gestellte Fragen Ich reise alleine, gibt es einen Einzelzimmerzuschlag? Eine wunderbare Heiterkeit hat meine ganze Seele ergriffen, wie diese s\u00fc\u00dfen Fr\u00fchlingsmorgen, die ich mit ganzem Herzen genie\u00dfe. Ich bin allein und f\u00fchle den Reiz der Existenz an diesem Ort, der f\u00fcr die Gl\u00fcckseligkeit von Seelen wie der meinen geschaffen wurde. Ich bin so gl\u00fccklich,...","_links":{"self":[{"href":"https:\/\/mawelodges.com\/de\/wp-json\/wp\/v2\/pages\/26076","targetHints":{"allow":["GET"]}}],"collection":[{"href":"https:\/\/mawelodges.com\/de\/wp-json\/wp\/v2\/pages"}],"about":[{"href":"https:\/\/mawelodges.com\/de\/wp-json\/wp\/v2\/types\/page"}],"author":[{"embeddable":true,"href":"https:\/\/mawelodges.com\/de\/wp-json\/wp\/v2\/users\/1"}],"replies":[{"embeddable":true,"href":"https:\/\/mawelodges.com\/de\/wp-json\/wp\/v2\/comments?post=26076"}],"version-history":[{"count":2,"href":"https:\/\/mawelodges.com\/de\/wp-json\/wp\/v2\/pages\/26076\/revisions"}],"predecessor-version":[{"id":28356,"href":"https:\/\/mawelodges.com\/de\/wp-json\/wp\/v2\/pages\/26076\/revisions\/28356"}],"wp:attachment":[{"href":"https:\/\/mawelodges.com\/de\/wp-json\/wp\/v2\/media?parent=26076"}],"curies":[{"name":"wp","href":"https:\/\/api.w.org\/{rel}","templated":true}]}}