{"id":25689,"date":"2023-10-02T07:36:15","date_gmt":"2023-10-02T04:36:15","guid":{"rendered":"https:\/\/mawelodges.com\/?page_id=25689"},"modified":"2026-04-17T14:53:45","modified_gmt":"2026-04-17T11:53:45","slug":"politica-de-sostenibilidad","status":"publish","type":"page","link":"https:\/\/mawelodges.com\/es\/politica-de-sostenibilidad\/","title":{"rendered":"Pol\u00edtica de sostenibilidad en Mawe Lodges"},"content":{"rendered":"\n<p>Mawe Lodges est\u00e1 comprometido con la hosteler\u00eda sostenible; nuestra pol\u00edtica se centra en pr\u00e1cticas respetuosas con el medioambiente, desde la reducci\u00f3n del consumo energ\u00e9tico y la minimizaci\u00f3n de residuos hasta el apoyo a las comunidades locales. Priorizamos la conservaci\u00f3n ambiental, esforz\u00e1ndonos por proteger los ecosistemas \u00fanicos que rodean nuestros alojamientos. Nuestros hu\u00e9spedes disfrutan de experiencias de turismo responsable que respetan las culturas y los ecosistemas locales. Educamos constantemente a nuestro equipo y a nuestros hu\u00e9spedes sobre la sostenibilidad. Para obtener todos los detalles, haga clic en el enlace de abajo para acceder a nuestra Pol\u00edtica de Sostenibilidad integral:    <\/p>\n\n<p><a href=\"http:\/\/mawelodges.com\/wp-content\/uploads\/Sustainability-Environmental-Policy-MaweLodges2025-copy.pdf\">Descargar la Pol\u00edtica de Sostenibilidad y Medioambiente de Mawe Lodges (PDF)<\/a><\/p>\n\n<p><a href=\"http:\/\/mawelodges.com\/wp-content\/uploads\/2023\/10\/Mawe-Lodges-Ltd.-Sustainability-policy-.pdf\">Descargar la Pol\u00edtica de Sostenibilidad de Mawe Lodges (PDF)<\/a><\/p>\n\n<p><a href=\"https:\/\/mawelodges.com\/wp-content\/uploads\/Our-Sustainability-Goals-for-2025-.pdf\">Objetivos de sostenibilidad (PDF)<\/a><\/p>\n\n<p><a href=\"https:\/\/www.dropbox.com\/scl\/fo\/g9qtis1maf2kllv7ojbcm\/AAdHXF50uCyLdODbzCwCj78?rlkey=q8r0gsyvv0dwcozcwv3wt8f52&amp;st=qdm847cb&amp;dl=0\">C\u00f3digo de conducta para actividades (PDF)<\/a><\/p>\n\n<p>\u00danase a nosotros en nuestro viaje para preservar nuestro planeta y crear experiencias memorables y sostenibles para todos.<\/p>\n\n<p><\/p>\n","protected":false},"excerpt":{"rendered":"<p>Mawe Lodges est\u00e1 comprometido con la hosteler\u00eda sostenible; nuestra pol\u00edtica se centra en pr\u00e1cticas respetuosas con el medioambiente, desde la reducci\u00f3n del consumo energ\u00e9tico y la minimizaci\u00f3n de residuos hasta el apoyo a las comunidades locales. Priorizamos la conservaci\u00f3n ambiental, esforz\u00e1ndonos por proteger los ecosistemas \u00fanicos que rodean nuestros alojamientos. Nuestros hu\u00e9spedes disfrutan de experiencias&#8230;<\/p>\n","protected":false},"author":1,"featured_media":0,"parent":0,"menu_order":0,"comment_status":"closed","ping_status":"closed","template":"","meta":{"_uag_custom_page_level_css":"","_kad_post_transparent":"","_kad_post_title":"","_kad_post_layout":"","_kad_post_sidebar_id":"","_kad_post_content_style":"","_kad_post_vertical_padding":"","_kad_post_feature":"","_kad_post_feature_position":"","_kad_post_header":false,"_kad_post_footer":false,"_kad_post_classname":"","footnotes":""},"class_list":["post-25689","page","type-page","status-publish","hentry"],"yoast_head":"<!-- This site is optimized with the Yoast SEO Premium plugin v27.1 (Yoast SEO v27.4) - https:\/\/yoast.com\/product\/yoast-seo-premium-wordpress\/ -->\n<title>Pol\u00edtica de sostenibilidad en Mawe Lodges - Mawe Lodges<\/title>\n<meta name=\"description\" content=\"Pr\u00e1cticas, pol\u00edticas y objetivos de sostenibilidad 2025-26\" \/>\n<meta name=\"robots\" content=\"index, follow, max-snippet:-1, max-image-preview:large, max-video-preview:-1\" \/>\n<link rel=\"canonical\" href=\"https:\/\/mawelodges.com\/es\/politica-de-sostenibilidad\/\" \/>\n<meta property=\"og:locale\" content=\"es_ES\" \/>\n<meta property=\"og:type\" content=\"article\" \/>\n<meta property=\"og:title\" content=\"Pol\u00edtica de sostenibilidad en Mawe Lodges\" \/>\n<meta property=\"og:description\" content=\"Pr\u00e1cticas, pol\u00edticas y objetivos de sostenibilidad 2025-26\" \/>\n<meta property=\"og:url\" content=\"https:\/\/mawelodges.com\/es\/politica-de-sostenibilidad\/\" \/>\n<meta property=\"og:site_name\" content=\"Mawe Lodges\" \/>\n<meta property=\"article:publisher\" content=\"https:\/\/www.facebook.com\/people\/Mawe-Lodges\/100066949615500\/\" \/>\n<meta property=\"article:modified_time\" content=\"2026-04-17T11:53:45+00:00\" \/>\n<meta name=\"twitter:card\" content=\"summary_large_image\" \/>\n<meta name=\"twitter:label1\" content=\"Tiempo de lectura\" \/>\n\t<meta name=\"twitter:data1\" content=\"1 minuto\" \/>\n<script type=\"application\/ld+json\" class=\"yoast-schema-graph\">{\"@context\":\"https:\\\/\\\/schema.org\",\"@graph\":[{\"@type\":\"WebPage\",\"@id\":\"https:\\\/\\\/mawelodges.com\\\/es\\\/politica-de-sostenibilidad\\\/\",\"url\":\"https:\\\/\\\/mawelodges.com\\\/es\\\/politica-de-sostenibilidad\\\/\",\"name\":\"Pol\u00edtica de sostenibilidad en Mawe Lodges - Mawe Lodges\",\"isPartOf\":{\"@id\":\"https:\\\/\\\/mawelodges.com\\\/es\\\/#website\"},\"datePublished\":\"2023-10-02T04:36:15+00:00\",\"dateModified\":\"2026-04-17T11:53:45+00:00\",\"description\":\"Pr\u00e1cticas, pol\u00edticas y objetivos de sostenibilidad 2025-26\",\"breadcrumb\":{\"@id\":\"https:\\\/\\\/mawelodges.com\\\/es\\\/politica-de-sostenibilidad\\\/#breadcrumb\"},\"inLanguage\":\"es\",\"potentialAction\":[{\"@type\":\"ReadAction\",\"target\":[\"https:\\\/\\\/mawelodges.com\\\/es\\\/politica-de-sostenibilidad\\\/\"]}]},{\"@type\":\"BreadcrumbList\",\"@id\":\"https:\\\/\\\/mawelodges.com\\\/es\\\/politica-de-sostenibilidad\\\/#breadcrumb\",\"itemListElement\":[{\"@type\":\"ListItem\",\"position\":1,\"name\":\"Home\",\"item\":\"https:\\\/\\\/mawelodges.com\\\/es\\\/\"},{\"@type\":\"ListItem\",\"position\":2,\"name\":\"Pol\u00edtica de sostenibilidad en Mawe Lodges\"}]},{\"@type\":\"WebSite\",\"@id\":\"https:\\\/\\\/mawelodges.com\\\/es\\\/#website\",\"url\":\"https:\\\/\\\/mawelodges.com\\\/es\\\/\",\"name\":\"Mawe Lodges\",\"description\":\"Mawe Lodges official website\",\"publisher\":{\"@id\":\"https:\\\/\\\/mawelodges.com\\\/es\\\/#organization\"},\"potentialAction\":[{\"@type\":\"SearchAction\",\"target\":{\"@type\":\"EntryPoint\",\"urlTemplate\":\"https:\\\/\\\/mawelodges.com\\\/es\\\/?s={search_term_string}\"},\"query-input\":{\"@type\":\"PropertyValueSpecification\",\"valueRequired\":true,\"valueName\":\"search_term_string\"}}],\"inLanguage\":\"es\"},{\"@type\":\"Organization\",\"@id\":\"https:\\\/\\\/mawelodges.com\\\/es\\\/#organization\",\"name\":\"Mawe Lodges\",\"url\":\"https:\\\/\\\/mawelodges.com\\\/es\\\/\",\"logo\":{\"@type\":\"ImageObject\",\"inLanguage\":\"es\",\"@id\":\"https:\\\/\\\/mawelodges.com\\\/es\\\/#\\\/schema\\\/logo\\\/image\\\/\",\"url\":\"https:\\\/\\\/mawelodges.com\\\/wp-content\\\/uploads\\\/2023\\\/07\\\/cropped-cropped-Mawe-logo-3-300x117-1.png\",\"contentUrl\":\"https:\\\/\\\/mawelodges.com\\\/wp-content\\\/uploads\\\/2023\\\/07\\\/cropped-cropped-Mawe-logo-3-300x117-1.png\",\"width\":300,\"height\":117,\"caption\":\"Mawe Lodges\"},\"image\":{\"@id\":\"https:\\\/\\\/mawelodges.com\\\/es\\\/#\\\/schema\\\/logo\\\/image\\\/\"},\"sameAs\":[\"https:\\\/\\\/www.facebook.com\\\/people\\\/Mawe-Lodges\\\/100066949615500\\\/\",\"https:\\\/\\\/www.instagram.com\\\/mawelodges\\\/\"]}]}<\/script>\n<!-- \/ Yoast SEO Premium plugin. -->","yoast_head_json":{"title":"Pol\u00edtica de sostenibilidad en Mawe Lodges - Mawe Lodges","description":"Pr\u00e1cticas, pol\u00edticas y objetivos de sostenibilidad 2025-26","robots":{"index":"index","follow":"follow","max-snippet":"max-snippet:-1","max-image-preview":"max-image-preview:large","max-video-preview":"max-video-preview:-1"},"canonical":"https:\/\/mawelodges.com\/es\/politica-de-sostenibilidad\/","og_locale":"es_ES","og_type":"article","og_title":"Pol\u00edtica de sostenibilidad en Mawe Lodges","og_description":"Pr\u00e1cticas, pol\u00edticas y objetivos de sostenibilidad 2025-26","og_url":"https:\/\/mawelodges.com\/es\/politica-de-sostenibilidad\/","og_site_name":"Mawe Lodges","article_publisher":"https:\/\/www.facebook.com\/people\/Mawe-Lodges\/100066949615500\/","article_modified_time":"2026-04-17T11:53:45+00:00","twitter_card":"summary_large_image","twitter_misc":{"Tiempo de lectura":"1 minuto"},"schema":{"@context":"https:\/\/schema.org","@graph":[{"@type":"WebPage","@id":"https:\/\/mawelodges.com\/es\/politica-de-sostenibilidad\/","url":"https:\/\/mawelodges.com\/es\/politica-de-sostenibilidad\/","name":"Pol\u00edtica de sostenibilidad en Mawe Lodges - Mawe Lodges","isPartOf":{"@id":"https:\/\/mawelodges.com\/es\/#website"},"datePublished":"2023-10-02T04:36:15+00:00","dateModified":"2026-04-17T11:53:45+00:00","description":"Pr\u00e1cticas, pol\u00edticas y objetivos de sostenibilidad 2025-26","breadcrumb":{"@id":"https:\/\/mawelodges.com\/es\/politica-de-sostenibilidad\/#breadcrumb"},"inLanguage":"es","potentialAction":[{"@type":"ReadAction","target":["https:\/\/mawelodges.com\/es\/politica-de-sostenibilidad\/"]}]},{"@type":"BreadcrumbList","@id":"https:\/\/mawelodges.com\/es\/politica-de-sostenibilidad\/#breadcrumb","itemListElement":[{"@type":"ListItem","position":1,"name":"Home","item":"https:\/\/mawelodges.com\/es\/"},{"@type":"ListItem","position":2,"name":"Pol\u00edtica de sostenibilidad en Mawe Lodges"}]},{"@type":"WebSite","@id":"https:\/\/mawelodges.com\/es\/#website","url":"https:\/\/mawelodges.com\/es\/","name":"Mawe Lodges","description":"Mawe Lodges official website","publisher":{"@id":"https:\/\/mawelodges.com\/es\/#organization"},"potentialAction":[{"@type":"SearchAction","target":{"@type":"EntryPoint","urlTemplate":"https:\/\/mawelodges.com\/es\/?s={search_term_string}"},"query-input":{"@type":"PropertyValueSpecification","valueRequired":true,"valueName":"search_term_string"}}],"inLanguage":"es"},{"@type":"Organization","@id":"https:\/\/mawelodges.com\/es\/#organization","name":"Mawe Lodges","url":"https:\/\/mawelodges.com\/es\/","logo":{"@type":"ImageObject","inLanguage":"es","@id":"https:\/\/mawelodges.com\/es\/#\/schema\/logo\/image\/","url":"https:\/\/mawelodges.com\/wp-content\/uploads\/2023\/07\/cropped-cropped-Mawe-logo-3-300x117-1.png","contentUrl":"https:\/\/mawelodges.com\/wp-content\/uploads\/2023\/07\/cropped-cropped-Mawe-logo-3-300x117-1.png","width":300,"height":117,"caption":"Mawe Lodges"},"image":{"@id":"https:\/\/mawelodges.com\/es\/#\/schema\/logo\/image\/"},"sameAs":["https:\/\/www.facebook.com\/people\/Mawe-Lodges\/100066949615500\/","https:\/\/www.instagram.com\/mawelodges\/"]}]}},"uagb_featured_image_src":{"full":false,"thumbnail":false,"medium":false,"medium_large":false,"large":false,"1536x1536":false,"2048x2048":false},"uagb_author_info":{"display_name":"admin","author_link":"https:\/\/mawelodges.com\/es\/author\/admin\/"},"uagb_comment_info":0,"uagb_excerpt":"Mawe Lodges est\u00e1 comprometido con la hosteler\u00eda sostenible; nuestra pol\u00edtica se centra en pr\u00e1cticas respetuosas con el medioambiente, desde la reducci\u00f3n del consumo energ\u00e9tico y la minimizaci\u00f3n de residuos hasta el apoyo a las comunidades locales. Priorizamos la conservaci\u00f3n ambiental, esforz\u00e1ndonos por proteger los ecosistemas \u00fanicos que rodean nuestros alojamientos. Nuestros hu\u00e9spedes disfrutan de experiencias...","_links":{"self":[{"href":"https:\/\/mawelodges.com\/es\/wp-json\/wp\/v2\/pages\/25689","targetHints":{"allow":["GET"]}}],"collection":[{"href":"https:\/\/mawelodges.com\/es\/wp-json\/wp\/v2\/pages"}],"about":[{"href":"https:\/\/mawelodges.com\/es\/wp-json\/wp\/v2\/types\/page"}],"author":[{"embeddable":true,"href":"https:\/\/mawelodges.com\/es\/wp-json\/wp\/v2\/users\/1"}],"replies":[{"embeddable":true,"href":"https:\/\/mawelodges.com\/es\/wp-json\/wp\/v2\/comments?post=25689"}],"version-history":[{"count":1,"href":"https:\/\/mawelodges.com\/es\/wp-json\/wp\/v2\/pages\/25689\/revisions"}],"predecessor-version":[{"id":25692,"href":"https:\/\/mawelodges.com\/es\/wp-json\/wp\/v2\/pages\/25689\/revisions\/25692"}],"wp:attachment":[{"href":"https:\/\/mawelodges.com\/es\/wp-json\/wp\/v2\/media?parent=25689"}],"curies":[{"name":"wp","href":"https:\/\/api.w.org\/{rel}","templated":true}]}}