{"id":24661,"date":"2025-03-19T09:14:51","date_gmt":"2025-03-19T06:14:51","guid":{"rendered":"https:\/\/mawelodges.com\/?page_id=24661"},"modified":"2026-03-11T13:42:29","modified_gmt":"2026-03-11T10:42:29","slug":"emissions-de-carbone","status":"publish","type":"page","link":"https:\/\/mawelodges.com\/fr\/emissions-de-carbone\/","title":{"rendered":"\u00c9missions de carbone"},"content":{"rendered":"\t\t<div data-elementor-type=\"wp-page\" data-elementor-id=\"24661\" class=\"elementor elementor-24661 elementor-21586\" data-elementor-post-type=\"page\">\n\t\t\t\t<div class=\"elementor-element elementor-element-48a425d6 e-flex e-con-boxed e-con e-parent\" data-id=\"48a425d6\" data-element_type=\"container\" data-e-type=\"container\">\n\t\t\t\t\t<div class=\"e-con-inner\">\n\t\t\t\t<div class=\"elementor-element elementor-element-380b87d7 elementor-widget elementor-widget-text-editor\" data-id=\"380b87d7\" data-element_type=\"widget\" data-e-type=\"widget\" data-widget_type=\"text-editor.default\">\n\t\t\t\t<div class=\"elementor-widget-container\">\n\t\t\t\t\t\t\t\t\t<div>\n    <h3>Calculateur d\u2019\u00e9missions de GES<\/h3>\n    <label>Distance de transport (km) :<\/label>\n    <input type=\"number\" id=\"transport_km\" value=\"1000\">\n    \n    <label>Type de transport :<\/label>\n    <select id=\"transport_type\">\n        <option value=\"safari_4x4\">Safari 4&#215;4<\/option>\n        <option value=\"car_petrol\">Voiture (essence)<\/option>\n        <option value=\"bus_shared\">Bus partag\u00e9<\/option>\n    <\/select>\n    \n    <label>Nombre de passagers :<\/label>\n    <input type=\"number\" id=\"passengers\" value=\"2\">\n    \n    <label>Type d\u2019h\u00e9bergement :<\/label>\n    <select id=\"accommodation_type\">\n        <option value=\"eco_lodge\">Eco Lodge<\/option>\n        <option value=\"mid_range_hotel\">H\u00f4tel de milieu de gamme<\/option>\n        <option value=\"luxury_hotel\">H\u00f4tel de luxe<\/option>\n    <\/select>\n    \n    <label>Nuits pass\u00e9es :<\/label>\n    <input type=\"number\" id=\"nights\" value=\"3\">\n    \n    <label>Safaris photos (Game Drives) :<\/label>\n    <input type=\"number\" id=\"game_drives\" value=\"2\">\n    \n    <label>Heures de conduite par safari :<\/label>\n    <input type=\"number\" id=\"drive_hours\" value=\"3\">\n    \n    <label>Safaris en montgolfi\u00e8re :<\/label>\n    <input type=\"number\" id=\"balloon_safaris\" value=\"1\">\n    \n    <label>Autres activit\u00e9s de safari (par activit\u00e9) :<\/label>\n    <input type=\"number\" id=\"other_activities\" value=\"1\">\n    \n    <button onclick=\"calculateEmissions()\">Calculer les \u00e9missions<\/button>\n    \n    <h4>\u00c9missions de CO\u2082 estim\u00e9es : <span id=\"total_emissions\">0<\/span> kg CO\u2082e<\/h4>\n<\/div>\n\n<script>\nfunction calculateEmissions() {\n    let transportKm = parseFloat(document.getElementById('transport_km').value);\n    let transportType = document.getElementById('transport_type').value;\n    let passengers = parseInt(document.getElementById('passengers').value) || 1;\n    let nights = parseInt(document.getElementById('nights').value);\n    let accommodationType = document.getElementById('accommodation_type').value;\n    let gameDrives = parseInt(document.getElementById('game_drives').value);\n    let driveHours = parseInt(document.getElementById('drive_hours').value);\n    let balloonSafaris = parseInt(document.getElementById('balloon_safaris').value);\n    let otherActivities = parseInt(document.getElementById('other_activities').value);\n    \n    let transportFactors = {\n        'safari_4x4': 0.250,\n        'car_petrol': 0.192,\n        'bus_shared': 0.089\n    };\n    let accommodationFactors = {\n        'eco_lodge': 5,\n        'mid_range_hotel': 15,\n        'luxury_hotel': 30\n    };\n    let activityFactor = 5; \/\/ Game drive emission per hour\n    let balloonFactor = 25; \/\/ Balloon safari emission per trip\n    let otherActivityFactor = 10; \/\/ Other safari activity emission per activity\n    \n    let transportEmissions = (transportKm * (transportFactors[transportType] || 0)) \/ passengers;\n    let accommodationEmissions = nights * (accommodationFactors[accommodationType] || 0);\n    let activityEmissions = gameDrives * driveHours * activityFactor;\n    let balloonEmissions = balloonSafaris * balloonFactor;\n    let otherActivityEmissions = otherActivities * otherActivityFactor;\n    \n    let totalEmissions = transportEmissions + accommodationEmissions + activityEmissions + balloonEmissions + otherActivityEmissions;\n    document.getElementById('total_emissions').innerText = totalEmissions.toFixed(2);\n}\n<\/script>\n\t\t\t\t\t\t\t\t<\/div>\n\t\t\t\t<\/div>\n\t\t\t\t\t<\/div>\n\t\t\t\t<\/div>\n\t\t\t\t<\/div>\n\t\t","protected":false},"excerpt":{"rendered":"<p>Calculateur d\u2019\u00e9missions de GES Distance de transport (km) : Type de transport : Safari 4&#215;4Voiture (essence)Bus partag\u00e9 Nombre de passagers : Type d\u2019h\u00e9bergement : Eco LodgeH\u00f4tel de milieu de gammeH\u00f4tel de luxe Nuits pass\u00e9es : Safaris photos (Game Drives) : Heures de conduite par safari : Safaris en montgolfi\u00e8re : Autres activit\u00e9s de safari (par&#8230;<\/p>\n","protected":false},"author":1,"featured_media":0,"parent":0,"menu_order":0,"comment_status":"closed","ping_status":"closed","template":"","meta":{"_uag_custom_page_level_css":"","_kad_post_transparent":"","_kad_post_title":"","_kad_post_layout":"","_kad_post_sidebar_id":"","_kad_post_content_style":"","_kad_post_vertical_padding":"","_kad_post_feature":"","_kad_post_feature_position":"","_kad_post_header":false,"_kad_post_footer":false,"_kad_post_classname":"","footnotes":""},"class_list":["post-24661","page","type-page","status-publish","hentry"],"yoast_head":"<!-- This site is optimized with the Yoast SEO Premium plugin v27.1 (Yoast SEO v27.4) - https:\/\/yoast.com\/product\/yoast-seo-premium-wordpress\/ -->\n<title>\u00c9missions de carbone - Mawe Lodges<\/title>\n<meta name=\"description\" content=\"Un calculateur pour mesurer l\u2019empreinte carbone des safaris en Tanzanie, incluant le transport, les vols en montgolfi\u00e8re et les visites culturelles\" \/>\n<meta name=\"robots\" content=\"index, follow, max-snippet:-1, max-image-preview:large, max-video-preview:-1\" \/>\n<link rel=\"canonical\" href=\"https:\/\/mawelodges.com\/fr\/emissions-de-carbone\/\" \/>\n<meta property=\"og:locale\" content=\"fr_FR\" \/>\n<meta property=\"og:type\" content=\"article\" \/>\n<meta property=\"og:title\" content=\"\u00c9missions de carbone\" \/>\n<meta property=\"og:description\" content=\"Un calculateur pour mesurer l\u2019empreinte carbone des safaris en Tanzanie, incluant le transport, les vols en montgolfi\u00e8re et les visites culturelles\" \/>\n<meta property=\"og:url\" content=\"https:\/\/mawelodges.com\/fr\/emissions-de-carbone\/\" \/>\n<meta property=\"og:site_name\" content=\"Mawe Lodges\" \/>\n<meta property=\"article:publisher\" content=\"https:\/\/www.facebook.com\/people\/Mawe-Lodges\/100066949615500\/\" \/>\n<meta property=\"article:modified_time\" content=\"2026-03-11T10:42:29+00:00\" \/>\n<meta name=\"twitter:card\" content=\"summary_large_image\" \/>\n<script type=\"application\/ld+json\" class=\"yoast-schema-graph\">{\"@context\":\"https:\\\/\\\/schema.org\",\"@graph\":[{\"@type\":\"WebPage\",\"@id\":\"https:\\\/\\\/mawelodges.com\\\/fr\\\/emissions-de-carbone\\\/\",\"url\":\"https:\\\/\\\/mawelodges.com\\\/fr\\\/emissions-de-carbone\\\/\",\"name\":\"\u00c9missions de carbone - Mawe Lodges\",\"isPartOf\":{\"@id\":\"https:\\\/\\\/mawelodges.com\\\/fr\\\/#website\"},\"datePublished\":\"2025-03-19T06:14:51+00:00\",\"dateModified\":\"2026-03-11T10:42:29+00:00\",\"description\":\"Un calculateur pour mesurer l\u2019empreinte carbone des safaris en Tanzanie, incluant le transport, les vols en montgolfi\u00e8re et les visites culturelles\",\"breadcrumb\":{\"@id\":\"https:\\\/\\\/mawelodges.com\\\/fr\\\/emissions-de-carbone\\\/#breadcrumb\"},\"inLanguage\":\"fr-FR\",\"potentialAction\":[{\"@type\":\"ReadAction\",\"target\":[\"https:\\\/\\\/mawelodges.com\\\/fr\\\/emissions-de-carbone\\\/\"]}]},{\"@type\":\"BreadcrumbList\",\"@id\":\"https:\\\/\\\/mawelodges.com\\\/fr\\\/emissions-de-carbone\\\/#breadcrumb\",\"itemListElement\":[{\"@type\":\"ListItem\",\"position\":1,\"name\":\"Home\",\"item\":\"https:\\\/\\\/mawelodges.com\\\/fr\\\/\"},{\"@type\":\"ListItem\",\"position\":2,\"name\":\"\u00c9missions de carbone\"}]},{\"@type\":\"WebSite\",\"@id\":\"https:\\\/\\\/mawelodges.com\\\/fr\\\/#website\",\"url\":\"https:\\\/\\\/mawelodges.com\\\/fr\\\/\",\"name\":\"Mawe Lodges\",\"description\":\"Mawe Lodges official website\",\"publisher\":{\"@id\":\"https:\\\/\\\/mawelodges.com\\\/fr\\\/#organization\"},\"potentialAction\":[{\"@type\":\"SearchAction\",\"target\":{\"@type\":\"EntryPoint\",\"urlTemplate\":\"https:\\\/\\\/mawelodges.com\\\/fr\\\/?s={search_term_string}\"},\"query-input\":{\"@type\":\"PropertyValueSpecification\",\"valueRequired\":true,\"valueName\":\"search_term_string\"}}],\"inLanguage\":\"fr-FR\"},{\"@type\":\"Organization\",\"@id\":\"https:\\\/\\\/mawelodges.com\\\/fr\\\/#organization\",\"name\":\"Mawe Lodges\",\"url\":\"https:\\\/\\\/mawelodges.com\\\/fr\\\/\",\"logo\":{\"@type\":\"ImageObject\",\"inLanguage\":\"fr-FR\",\"@id\":\"https:\\\/\\\/mawelodges.com\\\/fr\\\/#\\\/schema\\\/logo\\\/image\\\/\",\"url\":\"https:\\\/\\\/mawelodges.com\\\/wp-content\\\/uploads\\\/2023\\\/07\\\/cropped-cropped-Mawe-logo-3-300x117-1.png\",\"contentUrl\":\"https:\\\/\\\/mawelodges.com\\\/wp-content\\\/uploads\\\/2023\\\/07\\\/cropped-cropped-Mawe-logo-3-300x117-1.png\",\"width\":300,\"height\":117,\"caption\":\"Mawe Lodges\"},\"image\":{\"@id\":\"https:\\\/\\\/mawelodges.com\\\/fr\\\/#\\\/schema\\\/logo\\\/image\\\/\"},\"sameAs\":[\"https:\\\/\\\/www.facebook.com\\\/people\\\/Mawe-Lodges\\\/100066949615500\\\/\",\"https:\\\/\\\/www.instagram.com\\\/mawelodges\\\/\"]}]}<\/script>\n<!-- \/ Yoast SEO Premium plugin. -->","yoast_head_json":{"title":"\u00c9missions de carbone - Mawe Lodges","description":"Un calculateur pour mesurer l\u2019empreinte carbone des safaris en Tanzanie, incluant le transport, les vols en montgolfi\u00e8re et les visites culturelles","robots":{"index":"index","follow":"follow","max-snippet":"max-snippet:-1","max-image-preview":"max-image-preview:large","max-video-preview":"max-video-preview:-1"},"canonical":"https:\/\/mawelodges.com\/fr\/emissions-de-carbone\/","og_locale":"fr_FR","og_type":"article","og_title":"\u00c9missions de carbone","og_description":"Un calculateur pour mesurer l\u2019empreinte carbone des safaris en Tanzanie, incluant le transport, les vols en montgolfi\u00e8re et les visites culturelles","og_url":"https:\/\/mawelodges.com\/fr\/emissions-de-carbone\/","og_site_name":"Mawe Lodges","article_publisher":"https:\/\/www.facebook.com\/people\/Mawe-Lodges\/100066949615500\/","article_modified_time":"2026-03-11T10:42:29+00:00","twitter_card":"summary_large_image","schema":{"@context":"https:\/\/schema.org","@graph":[{"@type":"WebPage","@id":"https:\/\/mawelodges.com\/fr\/emissions-de-carbone\/","url":"https:\/\/mawelodges.com\/fr\/emissions-de-carbone\/","name":"\u00c9missions de carbone - Mawe Lodges","isPartOf":{"@id":"https:\/\/mawelodges.com\/fr\/#website"},"datePublished":"2025-03-19T06:14:51+00:00","dateModified":"2026-03-11T10:42:29+00:00","description":"Un calculateur pour mesurer l\u2019empreinte carbone des safaris en Tanzanie, incluant le transport, les vols en montgolfi\u00e8re et les visites culturelles","breadcrumb":{"@id":"https:\/\/mawelodges.com\/fr\/emissions-de-carbone\/#breadcrumb"},"inLanguage":"fr-FR","potentialAction":[{"@type":"ReadAction","target":["https:\/\/mawelodges.com\/fr\/emissions-de-carbone\/"]}]},{"@type":"BreadcrumbList","@id":"https:\/\/mawelodges.com\/fr\/emissions-de-carbone\/#breadcrumb","itemListElement":[{"@type":"ListItem","position":1,"name":"Home","item":"https:\/\/mawelodges.com\/fr\/"},{"@type":"ListItem","position":2,"name":"\u00c9missions de carbone"}]},{"@type":"WebSite","@id":"https:\/\/mawelodges.com\/fr\/#website","url":"https:\/\/mawelodges.com\/fr\/","name":"Mawe Lodges","description":"Mawe Lodges official website","publisher":{"@id":"https:\/\/mawelodges.com\/fr\/#organization"},"potentialAction":[{"@type":"SearchAction","target":{"@type":"EntryPoint","urlTemplate":"https:\/\/mawelodges.com\/fr\/?s={search_term_string}"},"query-input":{"@type":"PropertyValueSpecification","valueRequired":true,"valueName":"search_term_string"}}],"inLanguage":"fr-FR"},{"@type":"Organization","@id":"https:\/\/mawelodges.com\/fr\/#organization","name":"Mawe Lodges","url":"https:\/\/mawelodges.com\/fr\/","logo":{"@type":"ImageObject","inLanguage":"fr-FR","@id":"https:\/\/mawelodges.com\/fr\/#\/schema\/logo\/image\/","url":"https:\/\/mawelodges.com\/wp-content\/uploads\/2023\/07\/cropped-cropped-Mawe-logo-3-300x117-1.png","contentUrl":"https:\/\/mawelodges.com\/wp-content\/uploads\/2023\/07\/cropped-cropped-Mawe-logo-3-300x117-1.png","width":300,"height":117,"caption":"Mawe Lodges"},"image":{"@id":"https:\/\/mawelodges.com\/fr\/#\/schema\/logo\/image\/"},"sameAs":["https:\/\/www.facebook.com\/people\/Mawe-Lodges\/100066949615500\/","https:\/\/www.instagram.com\/mawelodges\/"]}]}},"uagb_featured_image_src":{"full":false,"thumbnail":false,"medium":false,"medium_large":false,"large":false,"1536x1536":false,"2048x2048":false},"uagb_author_info":{"display_name":"admin","author_link":"https:\/\/mawelodges.com\/fr\/author\/admin\/"},"uagb_comment_info":0,"uagb_excerpt":"Calculateur d\u2019\u00e9missions de GES Distance de transport (km) : Type de transport : Safari 4&#215;4Voiture (essence)Bus partag\u00e9 Nombre de passagers : Type d\u2019h\u00e9bergement : Eco LodgeH\u00f4tel de milieu de gammeH\u00f4tel de luxe Nuits pass\u00e9es : Safaris photos (Game Drives) : Heures de conduite par safari : Safaris en montgolfi\u00e8re : Autres activit\u00e9s de safari (par...","_links":{"self":[{"href":"https:\/\/mawelodges.com\/fr\/wp-json\/wp\/v2\/pages\/24661","targetHints":{"allow":["GET"]}}],"collection":[{"href":"https:\/\/mawelodges.com\/fr\/wp-json\/wp\/v2\/pages"}],"about":[{"href":"https:\/\/mawelodges.com\/fr\/wp-json\/wp\/v2\/types\/page"}],"author":[{"embeddable":true,"href":"https:\/\/mawelodges.com\/fr\/wp-json\/wp\/v2\/users\/1"}],"replies":[{"embeddable":true,"href":"https:\/\/mawelodges.com\/fr\/wp-json\/wp\/v2\/comments?post=24661"}],"version-history":[{"count":1,"href":"https:\/\/mawelodges.com\/fr\/wp-json\/wp\/v2\/pages\/24661\/revisions"}],"predecessor-version":[{"id":24662,"href":"https:\/\/mawelodges.com\/fr\/wp-json\/wp\/v2\/pages\/24661\/revisions\/24662"}],"wp:attachment":[{"href":"https:\/\/mawelodges.com\/fr\/wp-json\/wp\/v2\/media?parent=24661"}],"curies":[{"name":"wp","href":"https:\/\/api.w.org\/{rel}","templated":true}]}}