{"id":25711,"date":"2023-10-02T07:36:15","date_gmt":"2023-10-02T04:36:15","guid":{"rendered":"https:\/\/mawelodges.com\/?page_id=25711"},"modified":"2026-03-11T09:39:34","modified_gmt":"2026-03-11T06:39:34","slug":"politique-de-durabilite-de-mawe-lodges","status":"publish","type":"page","link":"https:\/\/mawelodges.com\/fr\/politique-de-durabilite-de-mawe-lodges\/","title":{"rendered":"Politique de durabilit\u00e9 de Mawe Lodges"},"content":{"rendered":"\n<p>Mawe Lodges s\u2019engage en faveur d\u2019une hospitalit\u00e9 durable \u2014 notre politique repose sur des pratiques \u00e9coresponsables, allant de la r\u00e9duction de la consommation d\u2019\u00e9nergie et de la limitation des d\u00e9chets au soutien des communaut\u00e9s locales. Nous accordons la priorit\u00e9 \u00e0 la conservation de l\u2019environnement, en nous effor\u00e7ant de prot\u00e9ger les \u00e9cosyst\u00e8mes uniques autour de nos lodges. Nos h\u00f4tes profitent d\u2019exp\u00e9riences de tourisme responsable qui respectent les cultures locales et les \u00e9cosyst\u00e8mes. Nous sensibilisons en permanence notre \u00e9quipe et nos h\u00f4tes \u00e0 la durabilit\u00e9. Pour tous les d\u00e9tails, veuillez cliquer sur le lien ci-dessous pour acc\u00e9der \u00e0 notre Politique de durabilit\u00e9 compl\u00e8te :    <\/p>\n\n<p><a href=\"http:\/\/mawelodges.com\/wp-content\/uploads\/Sustainability-Environmental-Policy-MaweLodges2025-copy.pdf\">T\u00e9l\u00e9charger la Politique environnementale de durabilit\u00e9 de Mawe Lodges (PDF)<\/a><\/p>\n\n<p><a href=\"http:\/\/mawelodges.com\/wp-content\/uploads\/2023\/10\/Mawe-Lodges-Ltd.-Sustainability-policy-.pdf\">T\u00e9l\u00e9charger la Politique de durabilit\u00e9 de Mawe Lodges (PDF)<\/a><\/p>\n\n<p><a href=\"https:\/\/mawelodges.com\/wp-content\/uploads\/Our-Sustainability-Goals-for-2025-.pdf\">Objectifs de durabilit\u00e9 (PDF)<\/a><\/p>\n\n<p><a href=\"https:\/\/www.dropbox.com\/scl\/fo\/g9qtis1maf2kllv7ojbcm\/AAdHXF50uCyLdODbzCwCj78?rlkey=q8r0gsyvv0dwcozcwv3wt8f52&amp;st=qdm847cb&amp;dl=0\">Code de conduite des activit\u00e9s (PDF)<\/a><\/p>\n\n<p>Rejoignez-nous dans notre d\u00e9marche pour pr\u00e9server notre plan\u00e8te et cr\u00e9er des exp\u00e9riences durables et m\u00e9morables pour tous.<\/p>\n\n<p><\/p>\n","protected":false},"excerpt":{"rendered":"<p>Mawe Lodges s\u2019engage en faveur d\u2019une hospitalit\u00e9 durable \u2014 notre politique repose sur des pratiques \u00e9coresponsables, allant de la r\u00e9duction de la consommation d\u2019\u00e9nergie et de la limitation des d\u00e9chets au soutien des communaut\u00e9s locales. Nous accordons la priorit\u00e9 \u00e0 la conservation de l\u2019environnement, en nous effor\u00e7ant de prot\u00e9ger les \u00e9cosyst\u00e8mes uniques autour de nos&#8230;<\/p>\n","protected":false},"author":1,"featured_media":0,"parent":0,"menu_order":0,"comment_status":"closed","ping_status":"closed","template":"","meta":{"_uag_custom_page_level_css":"","_kad_post_transparent":"","_kad_post_title":"","_kad_post_layout":"","_kad_post_sidebar_id":"","_kad_post_content_style":"","_kad_post_vertical_padding":"","_kad_post_feature":"","_kad_post_feature_position":"","_kad_post_header":false,"_kad_post_footer":false,"_kad_post_classname":"","footnotes":""},"class_list":["post-25711","page","type-page","status-publish","hentry"],"yoast_head":"<!-- This site is optimized with the Yoast SEO Premium plugin v27.1 (Yoast SEO v27.4) - https:\/\/yoast.com\/product\/yoast-seo-premium-wordpress\/ -->\n<title>Politique de durabilit\u00e9 de Mawe Lodges - Mawe Lodges<\/title>\n<meta name=\"description\" content=\"Pratiques, politiques et objectifs de durabilit\u00e9 2025-2026\" \/>\n<meta name=\"robots\" content=\"index, follow, max-snippet:-1, max-image-preview:large, max-video-preview:-1\" \/>\n<link rel=\"canonical\" href=\"https:\/\/mawelodges.com\/fr\/politique-de-durabilite-de-mawe-lodges\/\" \/>\n<meta property=\"og:locale\" content=\"fr_FR\" \/>\n<meta property=\"og:type\" content=\"article\" \/>\n<meta property=\"og:title\" content=\"Politique de durabilit\u00e9 de Mawe Lodges\" \/>\n<meta property=\"og:description\" content=\"Pratiques, politiques et objectifs de durabilit\u00e9 2025-2026\" \/>\n<meta property=\"og:url\" content=\"https:\/\/mawelodges.com\/fr\/politique-de-durabilite-de-mawe-lodges\/\" \/>\n<meta property=\"og:site_name\" content=\"Mawe Lodges\" \/>\n<meta property=\"article:publisher\" content=\"https:\/\/www.facebook.com\/people\/Mawe-Lodges\/100066949615500\/\" \/>\n<meta property=\"article:modified_time\" content=\"2026-03-11T06:39:34+00:00\" \/>\n<meta name=\"twitter:card\" content=\"summary_large_image\" \/>\n<meta name=\"twitter:label1\" content=\"Dur\u00e9e de lecture estim\u00e9e\" \/>\n\t<meta name=\"twitter:data1\" content=\"1 minute\" \/>\n<script type=\"application\/ld+json\" class=\"yoast-schema-graph\">{\"@context\":\"https:\\\/\\\/schema.org\",\"@graph\":[{\"@type\":\"WebPage\",\"@id\":\"https:\\\/\\\/mawelodges.com\\\/fr\\\/politique-de-durabilite-de-mawe-lodges\\\/\",\"url\":\"https:\\\/\\\/mawelodges.com\\\/fr\\\/politique-de-durabilite-de-mawe-lodges\\\/\",\"name\":\"Politique de durabilit\u00e9 de Mawe Lodges - Mawe Lodges\",\"isPartOf\":{\"@id\":\"https:\\\/\\\/mawelodges.com\\\/fr\\\/#website\"},\"datePublished\":\"2023-10-02T04:36:15+00:00\",\"dateModified\":\"2026-03-11T06:39:34+00:00\",\"description\":\"Pratiques, politiques et objectifs de durabilit\u00e9 2025-2026\",\"breadcrumb\":{\"@id\":\"https:\\\/\\\/mawelodges.com\\\/fr\\\/politique-de-durabilite-de-mawe-lodges\\\/#breadcrumb\"},\"inLanguage\":\"fr-FR\",\"potentialAction\":[{\"@type\":\"ReadAction\",\"target\":[\"https:\\\/\\\/mawelodges.com\\\/fr\\\/politique-de-durabilite-de-mawe-lodges\\\/\"]}]},{\"@type\":\"BreadcrumbList\",\"@id\":\"https:\\\/\\\/mawelodges.com\\\/fr\\\/politique-de-durabilite-de-mawe-lodges\\\/#breadcrumb\",\"itemListElement\":[{\"@type\":\"ListItem\",\"position\":1,\"name\":\"Home\",\"item\":\"https:\\\/\\\/mawelodges.com\\\/fr\\\/\"},{\"@type\":\"ListItem\",\"position\":2,\"name\":\"Politique de durabilit\u00e9 de Mawe Lodges\"}]},{\"@type\":\"WebSite\",\"@id\":\"https:\\\/\\\/mawelodges.com\\\/fr\\\/#website\",\"url\":\"https:\\\/\\\/mawelodges.com\\\/fr\\\/\",\"name\":\"Mawe Lodges\",\"description\":\"Mawe Lodges official website\",\"publisher\":{\"@id\":\"https:\\\/\\\/mawelodges.com\\\/fr\\\/#organization\"},\"potentialAction\":[{\"@type\":\"SearchAction\",\"target\":{\"@type\":\"EntryPoint\",\"urlTemplate\":\"https:\\\/\\\/mawelodges.com\\\/fr\\\/?s={search_term_string}\"},\"query-input\":{\"@type\":\"PropertyValueSpecification\",\"valueRequired\":true,\"valueName\":\"search_term_string\"}}],\"inLanguage\":\"fr-FR\"},{\"@type\":\"Organization\",\"@id\":\"https:\\\/\\\/mawelodges.com\\\/fr\\\/#organization\",\"name\":\"Mawe Lodges\",\"url\":\"https:\\\/\\\/mawelodges.com\\\/fr\\\/\",\"logo\":{\"@type\":\"ImageObject\",\"inLanguage\":\"fr-FR\",\"@id\":\"https:\\\/\\\/mawelodges.com\\\/fr\\\/#\\\/schema\\\/logo\\\/image\\\/\",\"url\":\"https:\\\/\\\/mawelodges.com\\\/wp-content\\\/uploads\\\/2023\\\/07\\\/cropped-cropped-Mawe-logo-3-300x117-1.png\",\"contentUrl\":\"https:\\\/\\\/mawelodges.com\\\/wp-content\\\/uploads\\\/2023\\\/07\\\/cropped-cropped-Mawe-logo-3-300x117-1.png\",\"width\":300,\"height\":117,\"caption\":\"Mawe Lodges\"},\"image\":{\"@id\":\"https:\\\/\\\/mawelodges.com\\\/fr\\\/#\\\/schema\\\/logo\\\/image\\\/\"},\"sameAs\":[\"https:\\\/\\\/www.facebook.com\\\/people\\\/Mawe-Lodges\\\/100066949615500\\\/\",\"https:\\\/\\\/www.instagram.com\\\/mawelodges\\\/\"]}]}<\/script>\n<!-- \/ Yoast SEO Premium plugin. -->","yoast_head_json":{"title":"Politique de durabilit\u00e9 de Mawe Lodges - Mawe Lodges","description":"Pratiques, politiques et objectifs de durabilit\u00e9 2025-2026","robots":{"index":"index","follow":"follow","max-snippet":"max-snippet:-1","max-image-preview":"max-image-preview:large","max-video-preview":"max-video-preview:-1"},"canonical":"https:\/\/mawelodges.com\/fr\/politique-de-durabilite-de-mawe-lodges\/","og_locale":"fr_FR","og_type":"article","og_title":"Politique de durabilit\u00e9 de Mawe Lodges","og_description":"Pratiques, politiques et objectifs de durabilit\u00e9 2025-2026","og_url":"https:\/\/mawelodges.com\/fr\/politique-de-durabilite-de-mawe-lodges\/","og_site_name":"Mawe Lodges","article_publisher":"https:\/\/www.facebook.com\/people\/Mawe-Lodges\/100066949615500\/","article_modified_time":"2026-03-11T06:39:34+00:00","twitter_card":"summary_large_image","twitter_misc":{"Dur\u00e9e de lecture estim\u00e9e":"1 minute"},"schema":{"@context":"https:\/\/schema.org","@graph":[{"@type":"WebPage","@id":"https:\/\/mawelodges.com\/fr\/politique-de-durabilite-de-mawe-lodges\/","url":"https:\/\/mawelodges.com\/fr\/politique-de-durabilite-de-mawe-lodges\/","name":"Politique de durabilit\u00e9 de Mawe Lodges - Mawe Lodges","isPartOf":{"@id":"https:\/\/mawelodges.com\/fr\/#website"},"datePublished":"2023-10-02T04:36:15+00:00","dateModified":"2026-03-11T06:39:34+00:00","description":"Pratiques, politiques et objectifs de durabilit\u00e9 2025-2026","breadcrumb":{"@id":"https:\/\/mawelodges.com\/fr\/politique-de-durabilite-de-mawe-lodges\/#breadcrumb"},"inLanguage":"fr-FR","potentialAction":[{"@type":"ReadAction","target":["https:\/\/mawelodges.com\/fr\/politique-de-durabilite-de-mawe-lodges\/"]}]},{"@type":"BreadcrumbList","@id":"https:\/\/mawelodges.com\/fr\/politique-de-durabilite-de-mawe-lodges\/#breadcrumb","itemListElement":[{"@type":"ListItem","position":1,"name":"Home","item":"https:\/\/mawelodges.com\/fr\/"},{"@type":"ListItem","position":2,"name":"Politique de durabilit\u00e9 de Mawe Lodges"}]},{"@type":"WebSite","@id":"https:\/\/mawelodges.com\/fr\/#website","url":"https:\/\/mawelodges.com\/fr\/","name":"Mawe Lodges","description":"Mawe Lodges official website","publisher":{"@id":"https:\/\/mawelodges.com\/fr\/#organization"},"potentialAction":[{"@type":"SearchAction","target":{"@type":"EntryPoint","urlTemplate":"https:\/\/mawelodges.com\/fr\/?s={search_term_string}"},"query-input":{"@type":"PropertyValueSpecification","valueRequired":true,"valueName":"search_term_string"}}],"inLanguage":"fr-FR"},{"@type":"Organization","@id":"https:\/\/mawelodges.com\/fr\/#organization","name":"Mawe Lodges","url":"https:\/\/mawelodges.com\/fr\/","logo":{"@type":"ImageObject","inLanguage":"fr-FR","@id":"https:\/\/mawelodges.com\/fr\/#\/schema\/logo\/image\/","url":"https:\/\/mawelodges.com\/wp-content\/uploads\/2023\/07\/cropped-cropped-Mawe-logo-3-300x117-1.png","contentUrl":"https:\/\/mawelodges.com\/wp-content\/uploads\/2023\/07\/cropped-cropped-Mawe-logo-3-300x117-1.png","width":300,"height":117,"caption":"Mawe Lodges"},"image":{"@id":"https:\/\/mawelodges.com\/fr\/#\/schema\/logo\/image\/"},"sameAs":["https:\/\/www.facebook.com\/people\/Mawe-Lodges\/100066949615500\/","https:\/\/www.instagram.com\/mawelodges\/"]}]}},"uagb_featured_image_src":{"full":false,"thumbnail":false,"medium":false,"medium_large":false,"large":false,"1536x1536":false,"2048x2048":false},"uagb_author_info":{"display_name":"admin","author_link":"https:\/\/mawelodges.com\/fr\/author\/admin\/"},"uagb_comment_info":0,"uagb_excerpt":"Mawe Lodges s\u2019engage en faveur d\u2019une hospitalit\u00e9 durable \u2014 notre politique repose sur des pratiques \u00e9coresponsables, allant de la r\u00e9duction de la consommation d\u2019\u00e9nergie et de la limitation des d\u00e9chets au soutien des communaut\u00e9s locales. Nous accordons la priorit\u00e9 \u00e0 la conservation de l\u2019environnement, en nous effor\u00e7ant de prot\u00e9ger les \u00e9cosyst\u00e8mes uniques autour de nos...","_links":{"self":[{"href":"https:\/\/mawelodges.com\/fr\/wp-json\/wp\/v2\/pages\/25711","targetHints":{"allow":["GET"]}}],"collection":[{"href":"https:\/\/mawelodges.com\/fr\/wp-json\/wp\/v2\/pages"}],"about":[{"href":"https:\/\/mawelodges.com\/fr\/wp-json\/wp\/v2\/types\/page"}],"author":[{"embeddable":true,"href":"https:\/\/mawelodges.com\/fr\/wp-json\/wp\/v2\/users\/1"}],"replies":[{"embeddable":true,"href":"https:\/\/mawelodges.com\/fr\/wp-json\/wp\/v2\/comments?post=25711"}],"version-history":[{"count":1,"href":"https:\/\/mawelodges.com\/fr\/wp-json\/wp\/v2\/pages\/25711\/revisions"}],"predecessor-version":[{"id":25714,"href":"https:\/\/mawelodges.com\/fr\/wp-json\/wp\/v2\/pages\/25711\/revisions\/25714"}],"wp:attachment":[{"href":"https:\/\/mawelodges.com\/fr\/wp-json\/wp\/v2\/media?parent=25711"}],"curies":[{"name":"wp","href":"https:\/\/api.w.org\/{rel}","templated":true}]}}